{"id":9743,"date":"2023-09-21T01:08:07","date_gmt":"2023-09-20T23:08:07","guid":{"rendered":"https:\/\/tienda.mascotascolombia.org\/index.php\/producto\/set-de-herramientas-multiusos-taladro\/"},"modified":"2023-09-21T01:08:07","modified_gmt":"2023-09-20T23:08:07","slug":"set-de-herramientas-multiusos-taladro","status":"publish","type":"product","link":"https:\/\/tienda.mascotascolombia.org\/index.php\/producto\/set-de-herramientas-multiusos-taladro\/","title":{"rendered":"Set de herramientas Multiusos Taladro"},"content":{"rendered":"<p>Taladro Percutor Inal\u00e1mbrico de 24 Voltios, 2 Bater\u00edas, 2 Velocidades, Herramientas, Accesorios y Malet\u00edn<\/p>\n<p>ESPECIFICACIONES:<\/p>\n<p>+ TALADRO INALAMBRICO DE 24V<br \/>+ 2 BATERIAS<br \/>+ PERCUTOR<br \/>+ ATORNILLADOR<br \/>+ 2 VELOCIDADES<br \/>+ 1 CARGADOR CARGA RAPIDA<br \/>+ LED LINTERNA LUMINOSO<br \/>+ PROTECCION CONTRA SOBRECARGA<br \/>+ REVERSIBLE<br \/>+ VELOCIDAD VARIABLE CON EL SWITCH<\/p>\n<p>DATOS TECNICOS:<\/p>\n<p>+ 2 BATERIAS 24v DE LITIO<br \/>+ MANDRIL: 10 mm<br \/>+ TORQUE MAXIMO: 82 Nm<br \/>+ VELOCIDAD: 0-450 \/ 0-1650 rpm<br \/>+ GOLPES POR MINUTO: 0-9.350 \/ 0-45.000<br \/>+ PESO: 1.5 kg<\/p>\n<p>INCLUYE:<\/p>\n<p>+ 1 TALADRO<br \/>+ 2 BATERIAS DE LITIO<br \/>+ 1 CARGADOR CARGA RAPIDA<br \/>+ HERRAMIENTAS Y ACCESORIOS<br \/>+ 1 CLIP PARA COLGARLO AL PANTALON<br \/>+ 1 MALETIN DE TRASPORTE<\/p>\n","protected":false},"excerpt":{"rendered":"<p>Taladro Percutor Inal\u00e1mbrico de 24 Voltios, 2 Bater\u00edas, 2 Velocidades, Herramientas, Accesorios y Malet\u00edn ESPECIFICACIONES: + TALADRO INALAMBRICO DE 24V+ 2 BATERIAS+ PERCUTOR+ ATORNILLADOR+ 2 VELOCIDADES+ 1 CARGADOR CARGA RAPIDA+ LED LINTERNA LUMINOSO+ PROTECCION CONTRA SOBRECARGA+ REVERSIBLE+ VELOCIDAD VARIABLE CON EL SWITCH DATOS TECNICOS: + 2 BATERIAS 24v DE LITIO+ MANDRIL: 10 mm+ TORQUE MAXIMO: [&hellip;]<\/p>\n","protected":false},"featured_media":9744,"template":"","meta":{"ocean_post_layout":"","ocean_both_sidebars_style":"","ocean_both_sidebars_content_width":0,"ocean_both_sidebars_sidebars_width":0,"ocean_sidebar":"","ocean_second_sidebar":"","ocean_disable_margins":"enable","ocean_add_body_class":"","ocean_shortcode_before_top_bar":"","ocean_shortcode_after_top_bar":"","ocean_shortcode_before_header":"","ocean_shortcode_after_header":"","ocean_has_shortcode":"","ocean_shortcode_after_title":"","ocean_shortcode_before_footer_widgets":"","ocean_shortcode_after_footer_widgets":"","ocean_shortcode_before_footer_bottom":"","ocean_shortcode_after_footer_bottom":"","ocean_display_top_bar":"default","ocean_display_header":"default","ocean_header_style":"","ocean_center_header_left_menu":"","ocean_custom_header_template":"","ocean_custom_logo":0,"ocean_custom_retina_logo":0,"ocean_custom_logo_max_width":0,"ocean_custom_logo_tablet_max_width":0,"ocean_custom_logo_mobile_max_width":0,"ocean_custom_logo_max_height":0,"ocean_custom_logo_tablet_max_height":0,"ocean_custom_logo_mobile_max_height":0,"ocean_header_custom_menu":"","ocean_menu_typo_font_family":"","ocean_menu_typo_font_subset":"","ocean_menu_typo_font_size":0,"ocean_menu_typo_font_size_tablet":0,"ocean_menu_typo_font_size_mobile":0,"ocean_menu_typo_font_size_unit":"px","ocean_menu_typo_font_weight":"","ocean_menu_typo_font_weight_tablet":"","ocean_menu_typo_font_weight_mobile":"","ocean_menu_typo_transform":"","ocean_menu_typo_transform_tablet":"","ocean_menu_typo_transform_mobile":"","ocean_menu_typo_line_height":0,"ocean_menu_typo_line_height_tablet":0,"ocean_menu_typo_line_height_mobile":0,"ocean_menu_typo_line_height_unit":"","ocean_menu_typo_spacing":0,"ocean_menu_typo_spacing_tablet":0,"ocean_menu_typo_spacing_mobile":0,"ocean_menu_typo_spacing_unit":"","ocean_menu_link_color":"","ocean_menu_link_color_hover":"","ocean_menu_link_color_active":"","ocean_menu_link_background":"","ocean_menu_link_hover_background":"","ocean_menu_link_active_background":"","ocean_menu_social_links_bg":"","ocean_menu_social_hover_links_bg":"","ocean_menu_social_links_color":"","ocean_menu_social_hover_links_color":"","ocean_disable_title":"default","ocean_disable_heading":"default","ocean_post_title":"","ocean_post_subheading":"","ocean_post_title_style":"","ocean_post_title_background_color":"","ocean_post_title_background":0,"ocean_post_title_bg_image_position":"","ocean_post_title_bg_image_attachment":"","ocean_post_title_bg_image_repeat":"","ocean_post_title_bg_image_size":"","ocean_post_title_height":0,"ocean_post_title_bg_overlay":0.5,"ocean_post_title_bg_overlay_color":"","ocean_disable_breadcrumbs":"default","ocean_breadcrumbs_color":"","ocean_breadcrumbs_separator_color":"","ocean_breadcrumbs_links_color":"","ocean_breadcrumbs_links_hover_color":"","ocean_display_footer_widgets":"default","ocean_display_footer_bottom":"default","ocean_custom_footer_template":""},"product_cat":[15],"product_tag":[],"class_list":{"0":"post-9743","1":"product","2":"type-product","3":"status-publish","4":"has-post-thumbnail","5":"hentry","6":"product_cat-sin-categorizar","8":"entry","9":"has-media","10":"owp-thumbs-layout-horizontal","11":"owp-btn-normal","12":"owp-tabs-layout-horizontal","13":"has-no-thumbnails","14":"has-product-nav"},"jetpack_sharing_enabled":true,"_links":{"self":[{"href":"https:\/\/tienda.mascotascolombia.org\/index.php\/wp-json\/wp\/v2\/product\/9743","targetHints":{"allow":["GET"]}}],"collection":[{"href":"https:\/\/tienda.mascotascolombia.org\/index.php\/wp-json\/wp\/v2\/product"}],"about":[{"href":"https:\/\/tienda.mascotascolombia.org\/index.php\/wp-json\/wp\/v2\/types\/product"}],"wp:featuredmedia":[{"embeddable":true,"href":"https:\/\/tienda.mascotascolombia.org\/index.php\/wp-json\/wp\/v2\/media\/9744"}],"wp:attachment":[{"href":"https:\/\/tienda.mascotascolombia.org\/index.php\/wp-json\/wp\/v2\/media?parent=9743"}],"wp:term":[{"taxonomy":"product_cat","embeddable":true,"href":"https:\/\/tienda.mascotascolombia.org\/index.php\/wp-json\/wp\/v2\/product_cat?post=9743"},{"taxonomy":"product_tag","embeddable":true,"href":"https:\/\/tienda.mascotascolombia.org\/index.php\/wp-json\/wp\/v2\/product_tag?post=9743"}],"curies":[{"name":"wp","href":"https:\/\/api.w.org\/{rel}","templated":true}]}}