{"id":9222,"date":"2023-09-21T00:14:12","date_gmt":"2023-09-20T22:14:12","guid":{"rendered":"https:\/\/tienda.mascotascolombia.org\/index.php\/producto\/arte-565\/"},"modified":"2023-09-21T00:14:12","modified_gmt":"2023-09-20T22:14:12","slug":"arte-565","status":"publish","type":"product","link":"https:\/\/tienda.mascotascolombia.org\/index.php\/producto\/arte-565\/","title":{"rendered":"ARTE 565"},"content":{"rendered":"<figure class=\"image\"><img decoding=\"async\" src=\"https:\/\/ci4.googleusercontent.com\/proxy\/qXFl2H1-vWeTycsErEuCBDBsugnVd_GSutaPWEvUtMQJrICCrIG9yBkVB9XwR4GuAKLlNjDUqr_LExV3ln44mvtHEPpNZE0i6wjDQgaAWUcj5BBozBsnIeznUJoQcMQdBv-hu0GL58Hg=s0-d-e1-ft#https:\/\/cdn.shopify.com\/s\/files\/1\/0613\/8891\/4846\/products\/rrr_480x480.gif?v=1666962748\" alt=\"\"><\/figure>\n<figure class=\"image\"><img decoding=\"async\" src=\"https:\/\/ci6.googleusercontent.com\/proxy\/4p343LLZzz0Ry9o48XKAwrqL5PEk8swAgBQ1VLTZyqTFX9mp6fAUHpTHkyXxjfXRasHLklOtO28QEWTOeQInwr_NoQq4uOGGg_7gRzAj3RPY8zEF8a4-284t1SFRvUl1v5XOgufj0xk=s0-d-e1-ft#https:\/\/cdn.shopify.com\/s\/files\/1\/0613\/8891\/4846\/files\/apoyo_480x480.jpg?v=1673284645\" alt=\"\"><\/figure>\n<h2><i>3 Razones porque debes comprar en Decor Design.<\/i><\/h2>\n<figure class=\"image\"><img decoding=\"async\" src=\"https:\/\/ci3.googleusercontent.com\/proxy\/VkQkxUaa7YBBBl2gQ_D5xrQD09PzTX-y3tGLB4fBI-BfAjkU1jROPhmz_NBksCpVFWNo1ziKSyrWIgtPW5maQbXQDpefOg7zfQ3ZHJaIpENbxyg1i9N_biOQNDCr997TwTsaKKKlgLyH_vHymLlr13mPV8PkoQ=s0-d-e1-ft#https:\/\/cdn.shopify.com\/s\/files\/1\/0564\/0064\/2197\/files\/envio_gratis_letras_160x160.png?v=1649044719\" alt=\"\"><\/figure>\n<figure class=\"image\"><img decoding=\"async\" src=\"https:\/\/ci4.googleusercontent.com\/proxy\/hiH4QounlLFssEdR5Phe0R20oYIzME07iJz-1fFN_4MkvTYqQHHDFhI_hxY1t0gSNQkeDkjfUg0MwWwhV6FSywzKfbwfjnxgRS2CHj3Aouflo-RMKvRkmLjikjodjTG3676Y2tmk-YmxT6hURkIT_A=s0-d-e1-ft#https:\/\/cdn.shopify.com\/s\/files\/1\/0564\/0064\/2197\/files\/Seguro_letras_160x160.png?v=1649044665\"><\/figure>\n<figure class=\"image\"><img decoding=\"async\" src=\"https:\/\/ci4.googleusercontent.com\/proxy\/I2bcowKTmBaIVgwBZNxBvHRkaKZ5VWHz8A9M1rlLkcH5pJG21kI3VWm1wnPC5tWCrciNJ95xz0WThHzjNNn0uiVgQjq0LRPGCPfgl6U6vIfNMYxNWHIgU4lMHH3dIsXQlw8-AB4fWM9ttYB0zkgrCnsH5Q=s0-d-e1-ft#https:\/\/cdn.shopify.com\/s\/files\/1\/0564\/0064\/2197\/files\/pagas_al_recibir_160x160.png?v=1649044765\"><\/figure>\n<figure class=\"image\"><img decoding=\"async\" src=\"https:\/\/ci3.googleusercontent.com\/proxy\/F7ykeu8_d_9ZALFp6mXwLZaPSTDBSSDwAizbJ37r5_gTc2xO3AuqqC4WMfFvJ2-xZVt1NP1oq7UO3hDP6v4puOO8MnrTvyATfDWrmSWwdmswOn5s9O38qN_kGHeCmjXz4kylbBVWGgc_3gqer-csDVxsl3wTDIsT1MNQsPRCjXCObPahAqhfX727GxslWU9IFA=s0-d-e1-ft#https:\/\/cdn.shopify.com\/s\/files\/1\/0613\/8891\/4846\/files\/garantiaf_6967b1d3-cd11-4022-95ea-ff6e5857454a_480x480.png?v=1673285417\" alt=\"\"><\/figure>\n<h2><i><strong>JUSTO LO QUE NECESITAS PARA DARLE UN MEJOR ASPECTO A ESE LUGAR.<\/strong><\/i><strong>&nbsp;<\/strong><br \/>&nbsp;<\/h2>\n<h2><strong>RETABLOS<\/strong><i><strong>&nbsp;<\/strong><\/i><\/h2>\n<h3>Materiales:<\/h3>\n<ul>\n<li>Retablos de madera tipo MDF de 12mm ( BASTIDOR )<\/li>\n<li>Impresi\u00f3n de alta definici\u00f3n en vinilo adhesivo.<\/li>\n<li>Laminado brillante<\/li>\n<li>Garant\u00eda de 1 a\u00f1o<\/li>\n<li>Listos para ser instalados.<\/li>\n<\/ul>\n<p>&nbsp;<\/p>\n<h2><i><strong>APROVECHA NUESTRA&nbsp; OFERTA&nbsp;&nbsp;HOY<\/strong><\/i><\/h2>\n<p>PRECIO REGULAR:&nbsp;$195.000<\/p>\n<h2>HOY&nbsp;POR SOLO&nbsp;$149.900&nbsp;<\/h2>\n<h2><i>PAGAS AL RECIBIR<\/i><\/h2>\n<h2>PROCESOS<br \/>&nbsp;<\/h2>\n<figure class=\"image\"><img decoding=\"async\" src=\"https:\/\/ci6.googleusercontent.com\/proxy\/P8yOxcHdazmXXdaf31M_dA0FDn7ExmwrSRlDEvMSyfRD0BUZAGAtv-_qP93dAj_xRxquYw3p0L5xWash9-GrQfdX1K2HyCRvcIWNNGQVx6tKocAu62NvkQpnMnAwuWqI_tiZKiG1WFjqO9OQoq1hnA=s0-d-e1-ft#https:\/\/cdn.shopify.com\/s\/files\/1\/0613\/8891\/4846\/files\/IMG_231868269_480x480.gif?v=1673286681\" alt=\"\"><\/figure>\n<p>&nbsp;<\/p>\n<p>&nbsp;<\/p>\n<figure class=\"image\"><img decoding=\"async\" src=\"https:\/\/ci4.googleusercontent.com\/proxy\/kCTe65c-pnUld2ei1yHSD5mPOTBt_EI99ufubd5E73fDB6oyHBOcfkLylSBIFov9L2u9-bCy9RYqS04WKww-5_GueJuxdmIsy2klqufLvyJKA4Y2YLG7XUAjp1J3bDHOfEuglBvZcC6a52gt5XjliJ8KpRCdCxrj=s0-d-e1-ft#https:\/\/cdn.shopify.com\/s\/files\/1\/0613\/8891\/4846\/files\/EMPAQUE_CUADRO_RAPIDO_480x480.gif?v=1656169684\" alt=\"\"><\/figure>\n<h2>&nbsp;<\/h2>\n<h2><strong>NUESTRA GARANTIA<\/strong><\/h2>\n<p>En <a href=\"http:\/\/decordesign.com\/\">decordesign.com<\/a>, realmente ofrecemos los productos de alta calidad m\u00e1s impresionantes y modernos&nbsp;<\/p>\n<p>Haremos lo que sea necesario con un excelente servicio de atenci\u00f3n al cliente para ayudar a tod@s, ya que valoramos altamente la satisfacci\u00f3n de nuestros clientes con un riesgo CERO absoluto.<\/p>\n","protected":false},"excerpt":{"rendered":"<p>3 Razones porque debes comprar en Decor Design. JUSTO LO QUE NECESITAS PARA DARLE UN MEJOR ASPECTO A ESE LUGAR.&nbsp;&nbsp; RETABLOS&nbsp; Materiales: Retablos de madera tipo MDF de 12mm ( BASTIDOR ) Impresi\u00f3n de alta definici\u00f3n en vinilo adhesivo. Laminado brillante Garant\u00eda de 1 a\u00f1o Listos para ser instalados. &nbsp; APROVECHA NUESTRA&nbsp; OFERTA&nbsp;&nbsp;HOY PRECIO REGULAR:&nbsp;$195.000 [&hellip;]<\/p>\n","protected":false},"featured_media":9223,"template":"","meta":{"ocean_post_layout":"","ocean_both_sidebars_style":"","ocean_both_sidebars_content_width":0,"ocean_both_sidebars_sidebars_width":0,"ocean_sidebar":"","ocean_second_sidebar":"","ocean_disable_margins":"enable","ocean_add_body_class":"","ocean_shortcode_before_top_bar":"","ocean_shortcode_after_top_bar":"","ocean_shortcode_before_header":"","ocean_shortcode_after_header":"","ocean_has_shortcode":"","ocean_shortcode_after_title":"","ocean_shortcode_before_footer_widgets":"","ocean_shortcode_after_footer_widgets":"","ocean_shortcode_before_footer_bottom":"","ocean_shortcode_after_footer_bottom":"","ocean_display_top_bar":"default","ocean_display_header":"default","ocean_header_style":"","ocean_center_header_left_menu":"","ocean_custom_header_template":"","ocean_custom_logo":0,"ocean_custom_retina_logo":0,"ocean_custom_logo_max_width":0,"ocean_custom_logo_tablet_max_width":0,"ocean_custom_logo_mobile_max_width":0,"ocean_custom_logo_max_height":0,"ocean_custom_logo_tablet_max_height":0,"ocean_custom_logo_mobile_max_height":0,"ocean_header_custom_menu":"","ocean_menu_typo_font_family":"","ocean_menu_typo_font_subset":"","ocean_menu_typo_font_size":0,"ocean_menu_typo_font_size_tablet":0,"ocean_menu_typo_font_size_mobile":0,"ocean_menu_typo_font_size_unit":"px","ocean_menu_typo_font_weight":"","ocean_menu_typo_font_weight_tablet":"","ocean_menu_typo_font_weight_mobile":"","ocean_menu_typo_transform":"","ocean_menu_typo_transform_tablet":"","ocean_menu_typo_transform_mobile":"","ocean_menu_typo_line_height":0,"ocean_menu_typo_line_height_tablet":0,"ocean_menu_typo_line_height_mobile":0,"ocean_menu_typo_line_height_unit":"","ocean_menu_typo_spacing":0,"ocean_menu_typo_spacing_tablet":0,"ocean_menu_typo_spacing_mobile":0,"ocean_menu_typo_spacing_unit":"","ocean_menu_link_color":"","ocean_menu_link_color_hover":"","ocean_menu_link_color_active":"","ocean_menu_link_background":"","ocean_menu_link_hover_background":"","ocean_menu_link_active_background":"","ocean_menu_social_links_bg":"","ocean_menu_social_hover_links_bg":"","ocean_menu_social_links_color":"","ocean_menu_social_hover_links_color":"","ocean_disable_title":"default","ocean_disable_heading":"default","ocean_post_title":"","ocean_post_subheading":"","ocean_post_title_style":"","ocean_post_title_background_color":"","ocean_post_title_background":0,"ocean_post_title_bg_image_position":"","ocean_post_title_bg_image_attachment":"","ocean_post_title_bg_image_repeat":"","ocean_post_title_bg_image_size":"","ocean_post_title_height":0,"ocean_post_title_bg_overlay":0.5,"ocean_post_title_bg_overlay_color":"","ocean_disable_breadcrumbs":"default","ocean_breadcrumbs_color":"","ocean_breadcrumbs_separator_color":"","ocean_breadcrumbs_links_color":"","ocean_breadcrumbs_links_hover_color":"","ocean_display_footer_widgets":"default","ocean_display_footer_bottom":"default","ocean_custom_footer_template":""},"product_cat":[15],"product_tag":[],"class_list":{"0":"post-9222","1":"product","2":"type-product","3":"status-publish","4":"has-post-thumbnail","5":"hentry","6":"product_cat-sin-categorizar","8":"entry","9":"has-media","10":"owp-thumbs-layout-horizontal","11":"owp-btn-normal","12":"owp-tabs-layout-horizontal","13":"has-no-thumbnails","14":"has-product-nav"},"jetpack_sharing_enabled":true,"_links":{"self":[{"href":"https:\/\/tienda.mascotascolombia.org\/index.php\/wp-json\/wp\/v2\/product\/9222","targetHints":{"allow":["GET"]}}],"collection":[{"href":"https:\/\/tienda.mascotascolombia.org\/index.php\/wp-json\/wp\/v2\/product"}],"about":[{"href":"https:\/\/tienda.mascotascolombia.org\/index.php\/wp-json\/wp\/v2\/types\/product"}],"wp:featuredmedia":[{"embeddable":true,"href":"https:\/\/tienda.mascotascolombia.org\/index.php\/wp-json\/wp\/v2\/media\/9223"}],"wp:attachment":[{"href":"https:\/\/tienda.mascotascolombia.org\/index.php\/wp-json\/wp\/v2\/media?parent=9222"}],"wp:term":[{"taxonomy":"product_cat","embeddable":true,"href":"https:\/\/tienda.mascotascolombia.org\/index.php\/wp-json\/wp\/v2\/product_cat?post=9222"},{"taxonomy":"product_tag","embeddable":true,"href":"https:\/\/tienda.mascotascolombia.org\/index.php\/wp-json\/wp\/v2\/product_tag?post=9222"}],"curies":[{"name":"wp","href":"https:\/\/api.w.org\/{rel}","templated":true}]}}