{"id":8867,"date":"2023-09-20T21:26:01","date_gmt":"2023-09-20T19:26:01","guid":{"rendered":"https:\/\/tienda.mascotascolombia.org\/index.php\/producto\/picador-vertical\/"},"modified":"2023-09-20T21:30:57","modified_gmt":"2023-09-20T19:30:57","slug":"picador-vertical","status":"publish","type":"product","link":"https:\/\/tienda.mascotascolombia.org\/index.php\/producto\/picador-vertical\/","title":{"rendered":"PICADOR VERTICAL"},"content":{"rendered":"<p>Descripci\u00f3n<\/p>\n<p>La MANDOLINA HIPERWARE es la mejor mandolina del mercado, cuenta con un resorte de alta eficiencia que hace cortes en rodajas, julianas y cubos. Su uso es seguro ya que todas las cuchillas est\u00e1n cubiertas. Puede hacer todos los cortes que har\u00eda una mandolina est\u00e1ndar, \u00a1pero de una manera m\u00e1s segura!<\/p>\n<p>VARIEDAD DE USOS debido al ajuste de grosor (de 0,5 mm a 8,0 mm) es ideal para hacer:<\/p>\n<p>&#8211; Laminas finas para CHIPS DE PAPAS fritas u horneadas<br \/>&#8211; PAPAS A LA FRANCESA de diferentes grosores<br \/>&#8211; Laminas finas para CHIPS DE PLATANO Y CAMOTE<br \/>&#8211; Cortar COL REPOLLO<br \/>&#8211; Rodajas finas de CEBOLLA<br \/>&#8211; Corte en cubos para salsa mexicana&#8230;. Y MUCHO MAS!!<\/p>\n<p>F\u00c1CIL DE USAR<br \/>&#8211; Manija de resorte de alto rendimiento para maximizar la fuerza de corte<br \/>&#8211; Mecanismo vertical y cuchillas ultra afiladas para cortar alimentos sin esfuerzo<br \/>&#8211; Cuchillas ajustables para ajustar el grosor del corte de 0,5 mm a 8,0 mm<br \/>&#8211; Tambi\u00e9n hace diferentes tama\u00f1os de juliana y cortes en cubos en dos pasos<\/p>\n<p>SEGURO<br \/>&#8211; Cuchillas completamente cerradas<br \/>&#8211; El empujador y el alimentador est\u00e1n cerrados para evitar el contacto con las cuchillas<br \/>F\u00c1CIL DE ALMACENAR Y LIMPIAR<br \/>&#8211; Pies plegables, manija retr\u00e1ctil y equipado con tapa para un almacenamiento compacto y seguro<br \/>&#8211; Incluye cepillo de limpieza<br \/>&#8211; Apta para el lavavajillas<\/p>\n<p>No esperes mas en adquirir esta pr\u00e1ctica y segura mandolina<\/p>\n","protected":false},"excerpt":{"rendered":"<p>Descripci\u00f3n La MANDOLINA HIPERWARE es la mejor mandolina del mercado, cuenta con un resorte de alta eficiencia que hace cortes en rodajas, julianas y cubos. Su uso es seguro ya que todas las cuchillas est\u00e1n cubiertas. Puede hacer todos los cortes que har\u00eda una mandolina est\u00e1ndar, \u00a1pero de una manera m\u00e1s segura! VARIEDAD DE USOS [&hellip;]<\/p>\n","protected":false},"featured_media":8868,"template":"","meta":{"ocean_post_layout":"","ocean_both_sidebars_style":"","ocean_both_sidebars_content_width":0,"ocean_both_sidebars_sidebars_width":0,"ocean_sidebar":"","ocean_second_sidebar":"","ocean_disable_margins":"enable","ocean_add_body_class":"","ocean_shortcode_before_top_bar":"","ocean_shortcode_after_top_bar":"","ocean_shortcode_before_header":"","ocean_shortcode_after_header":"","ocean_has_shortcode":"","ocean_shortcode_after_title":"","ocean_shortcode_before_footer_widgets":"","ocean_shortcode_after_footer_widgets":"","ocean_shortcode_before_footer_bottom":"","ocean_shortcode_after_footer_bottom":"","ocean_display_top_bar":"default","ocean_display_header":"default","ocean_header_style":"","ocean_center_header_left_menu":"","ocean_custom_header_template":"","ocean_custom_logo":0,"ocean_custom_retina_logo":0,"ocean_custom_logo_max_width":0,"ocean_custom_logo_tablet_max_width":0,"ocean_custom_logo_mobile_max_width":0,"ocean_custom_logo_max_height":0,"ocean_custom_logo_tablet_max_height":0,"ocean_custom_logo_mobile_max_height":0,"ocean_header_custom_menu":"","ocean_menu_typo_font_family":"","ocean_menu_typo_font_subset":"","ocean_menu_typo_font_size":0,"ocean_menu_typo_font_size_tablet":0,"ocean_menu_typo_font_size_mobile":0,"ocean_menu_typo_font_size_unit":"px","ocean_menu_typo_font_weight":"","ocean_menu_typo_font_weight_tablet":"","ocean_menu_typo_font_weight_mobile":"","ocean_menu_typo_transform":"","ocean_menu_typo_transform_tablet":"","ocean_menu_typo_transform_mobile":"","ocean_menu_typo_line_height":0,"ocean_menu_typo_line_height_tablet":0,"ocean_menu_typo_line_height_mobile":0,"ocean_menu_typo_line_height_unit":"","ocean_menu_typo_spacing":0,"ocean_menu_typo_spacing_tablet":0,"ocean_menu_typo_spacing_mobile":0,"ocean_menu_typo_spacing_unit":"","ocean_menu_link_color":"","ocean_menu_link_color_hover":"","ocean_menu_link_color_active":"","ocean_menu_link_background":"","ocean_menu_link_hover_background":"","ocean_menu_link_active_background":"","ocean_menu_social_links_bg":"","ocean_menu_social_hover_links_bg":"","ocean_menu_social_links_color":"","ocean_menu_social_hover_links_color":"","ocean_disable_title":"default","ocean_disable_heading":"default","ocean_post_title":"","ocean_post_subheading":"","ocean_post_title_style":"","ocean_post_title_background_color":"","ocean_post_title_background":0,"ocean_post_title_bg_image_position":"","ocean_post_title_bg_image_attachment":"","ocean_post_title_bg_image_repeat":"","ocean_post_title_bg_image_size":"","ocean_post_title_height":0,"ocean_post_title_bg_overlay":0.5,"ocean_post_title_bg_overlay_color":"","ocean_disable_breadcrumbs":"default","ocean_breadcrumbs_color":"","ocean_breadcrumbs_separator_color":"","ocean_breadcrumbs_links_color":"","ocean_breadcrumbs_links_hover_color":"","ocean_display_footer_widgets":"default","ocean_display_footer_bottom":"default","ocean_custom_footer_template":""},"product_cat":[17],"product_tag":[],"class_list":{"0":"post-8867","1":"product","2":"type-product","3":"status-publish","4":"has-post-thumbnail","5":"hentry","6":"product_cat-hogar","8":"entry","9":"has-media","10":"owp-thumbs-layout-horizontal","11":"owp-btn-normal","12":"owp-tabs-layout-horizontal","13":"has-no-thumbnails","14":"has-product-nav"},"jetpack_sharing_enabled":true,"_links":{"self":[{"href":"https:\/\/tienda.mascotascolombia.org\/index.php\/wp-json\/wp\/v2\/product\/8867","targetHints":{"allow":["GET"]}}],"collection":[{"href":"https:\/\/tienda.mascotascolombia.org\/index.php\/wp-json\/wp\/v2\/product"}],"about":[{"href":"https:\/\/tienda.mascotascolombia.org\/index.php\/wp-json\/wp\/v2\/types\/product"}],"wp:featuredmedia":[{"embeddable":true,"href":"https:\/\/tienda.mascotascolombia.org\/index.php\/wp-json\/wp\/v2\/media\/8868"}],"wp:attachment":[{"href":"https:\/\/tienda.mascotascolombia.org\/index.php\/wp-json\/wp\/v2\/media?parent=8867"}],"wp:term":[{"taxonomy":"product_cat","embeddable":true,"href":"https:\/\/tienda.mascotascolombia.org\/index.php\/wp-json\/wp\/v2\/product_cat?post=8867"},{"taxonomy":"product_tag","embeddable":true,"href":"https:\/\/tienda.mascotascolombia.org\/index.php\/wp-json\/wp\/v2\/product_tag?post=8867"}],"curies":[{"name":"wp","href":"https:\/\/api.w.org\/{rel}","templated":true}]}}