{"id":8335,"date":"2023-09-20T21:02:16","date_gmt":"2023-09-20T19:02:16","guid":{"rendered":"https:\/\/tienda.mascotascolombia.org\/index.php\/producto\/estante-para-enchufe-montado-en-pared-2\/"},"modified":"2023-09-20T21:35:33","modified_gmt":"2023-09-20T19:35:33","slug":"estante-para-enchufe-montado-en-pared-2","status":"publish","type":"product","link":"https:\/\/tienda.mascotascolombia.org\/index.php\/producto\/estante-para-enchufe-montado-en-pared-2\/","title":{"rendered":"Estante para Enchufe Montado en Pared"},"content":{"rendered":"<p>Te presentamos esta maravillosa soluci\u00f3n, con la cual podr\u00e1s usarlo como estante para cargar el celular, poner una l\u00e1mpara en la habitaci\u00f3n, dale un toque novedoso y diferente al tomacorriente.&nbsp;<\/p>\n<p>Perfecto para dejar cargar todos los dispositivos electr\u00f3nicos como: Parlantes, l\u00e1mparas, celular y dem\u00e1s, cuenta con un agujero para meter el cable f\u00e1cilmente.&nbsp;<\/p>\n<p>Es de f\u00e1cil instalaci\u00f3n y muy \u00fatil, puedes ubicarlo de dos formas, es a elecci\u00f3n y gusto como quieres instalar el estante.<\/p>\n<h4>CARACTER\u00cdSTICAS:&nbsp;<\/h4>\n<ul>\n<li>Dise\u00f1o: Incluye una apertura discreta para que los cables puedan circular, permitiendo que sus dispositivos favoritos se carguen o se mantengan conectados en todo momento;<\/li>\n<li>Maximizar el espacio: es perfecto para ahorrar espacio en cualquier habitaci\u00f3n, lo que le permite crear un estante adicional usando la cubierta de enchufe existente en unos segundos. Puede colocar cepillos de dientes, dispositivos electr\u00f3nicos y altavoces inteligentes;<\/li>\n<li>Gesti\u00f3n del cable de alimentaci\u00f3n: Evite cordones innecesarios, inserte bien los cordones y evite cordones antiest\u00e9ticos. La apertura discreta facilita el paso de los cables, permitiendo que su dispositivo favorito est\u00e9 cargado o siempre conectado;<\/li>\n<li>Ampliamente utilizado: es muy adecuado para colocar art\u00edculos en el ba\u00f1o, la cocina, el garaje, el piso y la encimera del dormitorio;<\/li>\n<li>M\u00e9todo de instalaci\u00f3n: Hay dos formas de instalar este estante. Se puede instalar verticalmente en el estante superior o boca abajo en el estante inferior. Es La soluci\u00f3n definitiva para cables cortos o usar espacio libre, y se puede instalar perfectamente en cualquier lugar.<\/li>\n<\/ul>\n<h4>ESPECIFICACIONES:&nbsp;<\/h4>\n<ul>\n<li>Material: Pl\u00e1stico.<\/li>\n<li>Color: Blanco.<\/li>\n<li>Tama\u00f1o: 17,7 cm de largo x<\/li>\n<li>Peso: 98,7 gr.<\/li>\n<li>Peso del paquete: 131,8 gr.<\/li>\n<\/ul>\n<h4>INCLUYE:&nbsp;<\/h4>\n<ul>\n<li>1 Estante para Enchufe Montado en Pared | Estante de Carga Tomacorriente de Pl\u00e1stico ABS.<\/li>\n<\/ul>\n<h4>GARANT\u00cdA:<\/h4>\n<ul>\n<li><strong>3 meses (por defectos de f\u00e1brica o funcionamiento).<\/strong><\/li>\n<\/ul>\n","protected":false},"excerpt":{"rendered":"<p>Te presentamos esta maravillosa soluci\u00f3n, con la cual podr\u00e1s usarlo como estante para cargar el celular, poner una l\u00e1mpara en la habitaci\u00f3n, dale un toque novedoso y diferente al tomacorriente.&nbsp; Perfecto para dejar cargar todos los dispositivos electr\u00f3nicos como: Parlantes, l\u00e1mparas, celular y dem\u00e1s, cuenta con un agujero para meter el cable f\u00e1cilmente.&nbsp; Es de [&hellip;]<\/p>\n","protected":false},"featured_media":8336,"template":"","meta":{"ocean_post_layout":"","ocean_both_sidebars_style":"","ocean_both_sidebars_content_width":0,"ocean_both_sidebars_sidebars_width":0,"ocean_sidebar":"","ocean_second_sidebar":"","ocean_disable_margins":"enable","ocean_add_body_class":"","ocean_shortcode_before_top_bar":"","ocean_shortcode_after_top_bar":"","ocean_shortcode_before_header":"","ocean_shortcode_after_header":"","ocean_has_shortcode":"","ocean_shortcode_after_title":"","ocean_shortcode_before_footer_widgets":"","ocean_shortcode_after_footer_widgets":"","ocean_shortcode_before_footer_bottom":"","ocean_shortcode_after_footer_bottom":"","ocean_display_top_bar":"default","ocean_display_header":"default","ocean_header_style":"","ocean_center_header_left_menu":"","ocean_custom_header_template":"","ocean_custom_logo":0,"ocean_custom_retina_logo":0,"ocean_custom_logo_max_width":0,"ocean_custom_logo_tablet_max_width":0,"ocean_custom_logo_mobile_max_width":0,"ocean_custom_logo_max_height":0,"ocean_custom_logo_tablet_max_height":0,"ocean_custom_logo_mobile_max_height":0,"ocean_header_custom_menu":"","ocean_menu_typo_font_family":"","ocean_menu_typo_font_subset":"","ocean_menu_typo_font_size":0,"ocean_menu_typo_font_size_tablet":0,"ocean_menu_typo_font_size_mobile":0,"ocean_menu_typo_font_size_unit":"px","ocean_menu_typo_font_weight":"","ocean_menu_typo_font_weight_tablet":"","ocean_menu_typo_font_weight_mobile":"","ocean_menu_typo_transform":"","ocean_menu_typo_transform_tablet":"","ocean_menu_typo_transform_mobile":"","ocean_menu_typo_line_height":0,"ocean_menu_typo_line_height_tablet":0,"ocean_menu_typo_line_height_mobile":0,"ocean_menu_typo_line_height_unit":"","ocean_menu_typo_spacing":0,"ocean_menu_typo_spacing_tablet":0,"ocean_menu_typo_spacing_mobile":0,"ocean_menu_typo_spacing_unit":"","ocean_menu_link_color":"","ocean_menu_link_color_hover":"","ocean_menu_link_color_active":"","ocean_menu_link_background":"","ocean_menu_link_hover_background":"","ocean_menu_link_active_background":"","ocean_menu_social_links_bg":"","ocean_menu_social_hover_links_bg":"","ocean_menu_social_links_color":"","ocean_menu_social_hover_links_color":"","ocean_disable_title":"default","ocean_disable_heading":"default","ocean_post_title":"","ocean_post_subheading":"","ocean_post_title_style":"","ocean_post_title_background_color":"","ocean_post_title_background":0,"ocean_post_title_bg_image_position":"","ocean_post_title_bg_image_attachment":"","ocean_post_title_bg_image_repeat":"","ocean_post_title_bg_image_size":"","ocean_post_title_height":0,"ocean_post_title_bg_overlay":0.5,"ocean_post_title_bg_overlay_color":"","ocean_disable_breadcrumbs":"default","ocean_breadcrumbs_color":"","ocean_breadcrumbs_separator_color":"","ocean_breadcrumbs_links_color":"","ocean_breadcrumbs_links_hover_color":"","ocean_display_footer_widgets":"default","ocean_display_footer_bottom":"default","ocean_custom_footer_template":""},"product_cat":[17],"product_tag":[],"class_list":{"0":"post-8335","1":"product","2":"type-product","3":"status-publish","4":"has-post-thumbnail","5":"hentry","6":"product_cat-hogar","8":"entry","9":"has-media","10":"owp-thumbs-layout-horizontal","11":"owp-btn-normal","12":"owp-tabs-layout-horizontal","13":"has-no-thumbnails","14":"has-product-nav"},"jetpack_sharing_enabled":true,"_links":{"self":[{"href":"https:\/\/tienda.mascotascolombia.org\/index.php\/wp-json\/wp\/v2\/product\/8335","targetHints":{"allow":["GET"]}}],"collection":[{"href":"https:\/\/tienda.mascotascolombia.org\/index.php\/wp-json\/wp\/v2\/product"}],"about":[{"href":"https:\/\/tienda.mascotascolombia.org\/index.php\/wp-json\/wp\/v2\/types\/product"}],"wp:featuredmedia":[{"embeddable":true,"href":"https:\/\/tienda.mascotascolombia.org\/index.php\/wp-json\/wp\/v2\/media\/8336"}],"wp:attachment":[{"href":"https:\/\/tienda.mascotascolombia.org\/index.php\/wp-json\/wp\/v2\/media?parent=8335"}],"wp:term":[{"taxonomy":"product_cat","embeddable":true,"href":"https:\/\/tienda.mascotascolombia.org\/index.php\/wp-json\/wp\/v2\/product_cat?post=8335"},{"taxonomy":"product_tag","embeddable":true,"href":"https:\/\/tienda.mascotascolombia.org\/index.php\/wp-json\/wp\/v2\/product_tag?post=8335"}],"curies":[{"name":"wp","href":"https:\/\/api.w.org\/{rel}","templated":true}]}}