{"id":8326,"date":"2023-09-20T21:02:13","date_gmt":"2023-09-20T19:02:13","guid":{"rendered":"https:\/\/tienda.mascotascolombia.org\/index.php\/producto\/estante-dispensador-de-papel-higienico\/"},"modified":"2023-09-20T21:35:33","modified_gmt":"2023-09-20T19:35:33","slug":"estante-dispensador-de-papel-higienico","status":"publish","type":"product","link":"https:\/\/tienda.mascotascolombia.org\/index.php\/producto\/estante-dispensador-de-papel-higienico\/","title":{"rendered":"Estante Dispensador de Papel Higi\u00e9nico"},"content":{"rendered":"<p>Te presentamos esta maravillosa soluci\u00f3n, con la cual los art\u00edculos como el papel higi\u00e9nico y un accesorio de decoraci\u00f3n van a estar organizados, permitiendo y dando elegancia y modernidad al ba\u00f1o, con su aspecto mate.&nbsp;<\/p>\n<p>Con este pr\u00e1ctico porta papel higi\u00e9nico, podr\u00e1s&nbsp;situar tu celular y otros objetos indispensables para el ba\u00f1o, tambi\u00e9n puedes usarlo como soporte para ubicar una matera peque\u00f1a, una vela aromatizada. Otra idea de uso del estante es usarlo para colgar la toalla, dale estilo al ba\u00f1o con este estante.&nbsp;<\/p>\n<h4>CARACTER\u00cdSTICAS:&nbsp;<\/h4>\n<ul>\n<li>Material de gran calidad: Acero inoxidable de Grado Superior 100%, resistente al \u00f3xido y a la corrosi\u00f3n. La pintura negra mate tiene un aspecto met\u00e1lico, ecol\u00f3gico, moderno y elegante.<\/li>\n<li>Estante de dise\u00f1o c\u00f3ncavo: El estante puede colocar tel\u00e9fonos m\u00f3viles, ambientadores, y otros art\u00edculos peque\u00f1os, conveniente y pr\u00e1ctico. Dise\u00f1o c\u00f3ncavo especial para que recoja las cosas m\u00e1s f\u00e1cilmente y evite que las cosas en el estante se resbalen.<\/li>\n<li>Dise\u00f1o humanizado: Todos los bordes est\u00e1n correctamente para evitar \u00e9l corte de la mano. El dise\u00f1o de gancho hacia arriba en el extremo de la barra evita que el papel higi\u00e9nico se caiga.<\/li>\n<\/ul>\n<h4>ESPECIFICACIONES:&nbsp;<\/h4>\n<ul>\n<li>Material: Acero inoxidable<\/li>\n<li>Tama\u00f1o del producto base: 18 cm x 12 cm x 2 cm.<\/li>\n<li>Tama\u00f1o del gancho: 15,8 cm x 10 cm x 2 cm.<\/li>\n<li>M\u00e9todo de instalaci\u00f3n: Sin perforaciones\/ya tiene las perforaciones.<\/li>\n<li>Caracter\u00edsticas: Duradero y libre de \u00f3xido<\/li>\n<li>Aplicaci\u00f3n: Ba\u00f1o.<\/li>\n<li>Peso: 108,3 gr.<\/li>\n<li>Peso del paquete: 392,8 gr.<\/li>\n<\/ul>\n<h4>INCLUYE:&nbsp;<\/h4>\n<ul>\n<li>1&nbsp;Estante Dispensador de Papel Higi\u00e9nico y Soporte con Almacenamiento Montado en Pared.<\/li>\n<li>1 Paquete con: 2 chazos, 2 tornillos y 2 protectores para los tornillos.<\/li>\n<\/ul>\n<h4><strong>GARANT\u00cdA:<\/strong><\/h4>\n<ul>\n<li><strong>3 meses (por defectos de f\u00e1brica o funcionamiento).<\/strong><\/li>\n<\/ul>\n","protected":false},"excerpt":{"rendered":"<p>Te presentamos esta maravillosa soluci\u00f3n, con la cual los art\u00edculos como el papel higi\u00e9nico y un accesorio de decoraci\u00f3n van a estar organizados, permitiendo y dando elegancia y modernidad al ba\u00f1o, con su aspecto mate.&nbsp; Con este pr\u00e1ctico porta papel higi\u00e9nico, podr\u00e1s&nbsp;situar tu celular y otros objetos indispensables para el ba\u00f1o, tambi\u00e9n puedes usarlo como [&hellip;]<\/p>\n","protected":false},"featured_media":8327,"template":"","meta":{"ocean_post_layout":"","ocean_both_sidebars_style":"","ocean_both_sidebars_content_width":0,"ocean_both_sidebars_sidebars_width":0,"ocean_sidebar":"","ocean_second_sidebar":"","ocean_disable_margins":"enable","ocean_add_body_class":"","ocean_shortcode_before_top_bar":"","ocean_shortcode_after_top_bar":"","ocean_shortcode_before_header":"","ocean_shortcode_after_header":"","ocean_has_shortcode":"","ocean_shortcode_after_title":"","ocean_shortcode_before_footer_widgets":"","ocean_shortcode_after_footer_widgets":"","ocean_shortcode_before_footer_bottom":"","ocean_shortcode_after_footer_bottom":"","ocean_display_top_bar":"default","ocean_display_header":"default","ocean_header_style":"","ocean_center_header_left_menu":"","ocean_custom_header_template":"","ocean_custom_logo":0,"ocean_custom_retina_logo":0,"ocean_custom_logo_max_width":0,"ocean_custom_logo_tablet_max_width":0,"ocean_custom_logo_mobile_max_width":0,"ocean_custom_logo_max_height":0,"ocean_custom_logo_tablet_max_height":0,"ocean_custom_logo_mobile_max_height":0,"ocean_header_custom_menu":"","ocean_menu_typo_font_family":"","ocean_menu_typo_font_subset":"","ocean_menu_typo_font_size":0,"ocean_menu_typo_font_size_tablet":0,"ocean_menu_typo_font_size_mobile":0,"ocean_menu_typo_font_size_unit":"px","ocean_menu_typo_font_weight":"","ocean_menu_typo_font_weight_tablet":"","ocean_menu_typo_font_weight_mobile":"","ocean_menu_typo_transform":"","ocean_menu_typo_transform_tablet":"","ocean_menu_typo_transform_mobile":"","ocean_menu_typo_line_height":0,"ocean_menu_typo_line_height_tablet":0,"ocean_menu_typo_line_height_mobile":0,"ocean_menu_typo_line_height_unit":"","ocean_menu_typo_spacing":0,"ocean_menu_typo_spacing_tablet":0,"ocean_menu_typo_spacing_mobile":0,"ocean_menu_typo_spacing_unit":"","ocean_menu_link_color":"","ocean_menu_link_color_hover":"","ocean_menu_link_color_active":"","ocean_menu_link_background":"","ocean_menu_link_hover_background":"","ocean_menu_link_active_background":"","ocean_menu_social_links_bg":"","ocean_menu_social_hover_links_bg":"","ocean_menu_social_links_color":"","ocean_menu_social_hover_links_color":"","ocean_disable_title":"default","ocean_disable_heading":"default","ocean_post_title":"","ocean_post_subheading":"","ocean_post_title_style":"","ocean_post_title_background_color":"","ocean_post_title_background":0,"ocean_post_title_bg_image_position":"","ocean_post_title_bg_image_attachment":"","ocean_post_title_bg_image_repeat":"","ocean_post_title_bg_image_size":"","ocean_post_title_height":0,"ocean_post_title_bg_overlay":0.5,"ocean_post_title_bg_overlay_color":"","ocean_disable_breadcrumbs":"default","ocean_breadcrumbs_color":"","ocean_breadcrumbs_separator_color":"","ocean_breadcrumbs_links_color":"","ocean_breadcrumbs_links_hover_color":"","ocean_display_footer_widgets":"default","ocean_display_footer_bottom":"default","ocean_custom_footer_template":""},"product_cat":[17],"product_tag":[],"class_list":{"0":"post-8326","1":"product","2":"type-product","3":"status-publish","4":"has-post-thumbnail","5":"hentry","6":"product_cat-hogar","8":"entry","9":"has-media","10":"owp-thumbs-layout-horizontal","11":"owp-btn-normal","12":"owp-tabs-layout-horizontal","13":"has-no-thumbnails","14":"has-product-nav"},"jetpack_sharing_enabled":true,"_links":{"self":[{"href":"https:\/\/tienda.mascotascolombia.org\/index.php\/wp-json\/wp\/v2\/product\/8326","targetHints":{"allow":["GET"]}}],"collection":[{"href":"https:\/\/tienda.mascotascolombia.org\/index.php\/wp-json\/wp\/v2\/product"}],"about":[{"href":"https:\/\/tienda.mascotascolombia.org\/index.php\/wp-json\/wp\/v2\/types\/product"}],"wp:featuredmedia":[{"embeddable":true,"href":"https:\/\/tienda.mascotascolombia.org\/index.php\/wp-json\/wp\/v2\/media\/8327"}],"wp:attachment":[{"href":"https:\/\/tienda.mascotascolombia.org\/index.php\/wp-json\/wp\/v2\/media?parent=8326"}],"wp:term":[{"taxonomy":"product_cat","embeddable":true,"href":"https:\/\/tienda.mascotascolombia.org\/index.php\/wp-json\/wp\/v2\/product_cat?post=8326"},{"taxonomy":"product_tag","embeddable":true,"href":"https:\/\/tienda.mascotascolombia.org\/index.php\/wp-json\/wp\/v2\/product_tag?post=8326"}],"curies":[{"name":"wp","href":"https:\/\/api.w.org\/{rel}","templated":true}]}}