{"id":8235,"date":"2023-09-20T20:59:03","date_gmt":"2023-09-20T18:59:03","guid":{"rendered":"https:\/\/tienda.mascotascolombia.org\/index.php\/producto\/cortador-y-pelador-de-aguacate-3-en-1\/"},"modified":"2023-09-20T21:35:35","modified_gmt":"2023-09-20T19:35:35","slug":"cortador-y-pelador-de-aguacate-3-en-1","status":"publish","type":"product","link":"https:\/\/tienda.mascotascolombia.org\/index.php\/producto\/cortador-y-pelador-de-aguacate-3-en-1\/","title":{"rendered":"Cortador y Pelador de Aguacate 3 en 1"},"content":{"rendered":"<p>Es el gadget que te hace falta en la cocina! Esta es una herramienta totalmente \u00fatil y funcional que de seguro has necesitado en m\u00faltiples ocasiones!<\/p>\n<p>No requiere de bater\u00edas pues es totalmente manual y f\u00e1cil de usar!&nbsp;<\/p>\n<p><strong>INCLUYE 3 FUNCIONES DIFERENTES:<\/strong><\/p>\n<ul>\n<li>Cuchilla sin filo para abrir f\u00e1cilmente el aguacate y evitar da\u00f1os en el interior de la fruta.<\/li>\n<li>Instrumento para extraer la semilla del aguacate de manera segura, higi\u00e9nica y totalmente f\u00e1cil de usar.<\/li>\n<li>Rebanador y extractor del contenido neto del aguacate en finas rebanadas que le dan a tus platos y comidas un toque exquisito.<\/li>\n<\/ul>\n<p>Otra de sus m\u00faltiples cualidades es que es f\u00e1cil de lavar para que lo mantengas totalmente higi\u00e9nico y listo para usar en cualquier ocasi\u00f3n!<\/p>\n<h4>ESPECIFICACIONES:&nbsp;<\/h4>\n<ul>\n<li>Dimensiones: 24 cm x 10 cm x 2.5 cm.<\/li>\n<li>Peso: 88 g.<\/li>\n<\/ul>\n<h4>INCLUYE:&nbsp;<\/h4>\n<ul>\n<li>1 Cortador y Pelador de Aguacates.<\/li>\n<li>1 Protector de Cortador.<\/li>\n<\/ul>\n<h4><strong>GARANT\u00cdA:<\/strong><\/h4>\n<ul>\n<li><strong>3 meses (por defectos de f\u00e1brica o funcionamiento).<\/strong><\/li>\n<\/ul>\n","protected":false},"excerpt":{"rendered":"<p>Es el gadget que te hace falta en la cocina! Esta es una herramienta totalmente \u00fatil y funcional que de seguro has necesitado en m\u00faltiples ocasiones! No requiere de bater\u00edas pues es totalmente manual y f\u00e1cil de usar!&nbsp; INCLUYE 3 FUNCIONES DIFERENTES: Cuchilla sin filo para abrir f\u00e1cilmente el aguacate y evitar da\u00f1os en el [&hellip;]<\/p>\n","protected":false},"featured_media":8236,"template":"","meta":{"ocean_post_layout":"","ocean_both_sidebars_style":"","ocean_both_sidebars_content_width":0,"ocean_both_sidebars_sidebars_width":0,"ocean_sidebar":"","ocean_second_sidebar":"","ocean_disable_margins":"enable","ocean_add_body_class":"","ocean_shortcode_before_top_bar":"","ocean_shortcode_after_top_bar":"","ocean_shortcode_before_header":"","ocean_shortcode_after_header":"","ocean_has_shortcode":"","ocean_shortcode_after_title":"","ocean_shortcode_before_footer_widgets":"","ocean_shortcode_after_footer_widgets":"","ocean_shortcode_before_footer_bottom":"","ocean_shortcode_after_footer_bottom":"","ocean_display_top_bar":"default","ocean_display_header":"default","ocean_header_style":"","ocean_center_header_left_menu":"","ocean_custom_header_template":"","ocean_custom_logo":0,"ocean_custom_retina_logo":0,"ocean_custom_logo_max_width":0,"ocean_custom_logo_tablet_max_width":0,"ocean_custom_logo_mobile_max_width":0,"ocean_custom_logo_max_height":0,"ocean_custom_logo_tablet_max_height":0,"ocean_custom_logo_mobile_max_height":0,"ocean_header_custom_menu":"","ocean_menu_typo_font_family":"","ocean_menu_typo_font_subset":"","ocean_menu_typo_font_size":0,"ocean_menu_typo_font_size_tablet":0,"ocean_menu_typo_font_size_mobile":0,"ocean_menu_typo_font_size_unit":"px","ocean_menu_typo_font_weight":"","ocean_menu_typo_font_weight_tablet":"","ocean_menu_typo_font_weight_mobile":"","ocean_menu_typo_transform":"","ocean_menu_typo_transform_tablet":"","ocean_menu_typo_transform_mobile":"","ocean_menu_typo_line_height":0,"ocean_menu_typo_line_height_tablet":0,"ocean_menu_typo_line_height_mobile":0,"ocean_menu_typo_line_height_unit":"","ocean_menu_typo_spacing":0,"ocean_menu_typo_spacing_tablet":0,"ocean_menu_typo_spacing_mobile":0,"ocean_menu_typo_spacing_unit":"","ocean_menu_link_color":"","ocean_menu_link_color_hover":"","ocean_menu_link_color_active":"","ocean_menu_link_background":"","ocean_menu_link_hover_background":"","ocean_menu_link_active_background":"","ocean_menu_social_links_bg":"","ocean_menu_social_hover_links_bg":"","ocean_menu_social_links_color":"","ocean_menu_social_hover_links_color":"","ocean_disable_title":"default","ocean_disable_heading":"default","ocean_post_title":"","ocean_post_subheading":"","ocean_post_title_style":"","ocean_post_title_background_color":"","ocean_post_title_background":0,"ocean_post_title_bg_image_position":"","ocean_post_title_bg_image_attachment":"","ocean_post_title_bg_image_repeat":"","ocean_post_title_bg_image_size":"","ocean_post_title_height":0,"ocean_post_title_bg_overlay":0.5,"ocean_post_title_bg_overlay_color":"","ocean_disable_breadcrumbs":"default","ocean_breadcrumbs_color":"","ocean_breadcrumbs_separator_color":"","ocean_breadcrumbs_links_color":"","ocean_breadcrumbs_links_hover_color":"","ocean_display_footer_widgets":"default","ocean_display_footer_bottom":"default","ocean_custom_footer_template":""},"product_cat":[17],"product_tag":[],"class_list":{"0":"post-8235","1":"product","2":"type-product","3":"status-publish","4":"has-post-thumbnail","5":"hentry","6":"product_cat-hogar","8":"entry","9":"has-media","10":"owp-thumbs-layout-horizontal","11":"owp-btn-normal","12":"owp-tabs-layout-horizontal","13":"has-no-thumbnails","14":"has-product-nav"},"jetpack_sharing_enabled":true,"_links":{"self":[{"href":"https:\/\/tienda.mascotascolombia.org\/index.php\/wp-json\/wp\/v2\/product\/8235","targetHints":{"allow":["GET"]}}],"collection":[{"href":"https:\/\/tienda.mascotascolombia.org\/index.php\/wp-json\/wp\/v2\/product"}],"about":[{"href":"https:\/\/tienda.mascotascolombia.org\/index.php\/wp-json\/wp\/v2\/types\/product"}],"wp:featuredmedia":[{"embeddable":true,"href":"https:\/\/tienda.mascotascolombia.org\/index.php\/wp-json\/wp\/v2\/media\/8236"}],"wp:attachment":[{"href":"https:\/\/tienda.mascotascolombia.org\/index.php\/wp-json\/wp\/v2\/media?parent=8235"}],"wp:term":[{"taxonomy":"product_cat","embeddable":true,"href":"https:\/\/tienda.mascotascolombia.org\/index.php\/wp-json\/wp\/v2\/product_cat?post=8235"},{"taxonomy":"product_tag","embeddable":true,"href":"https:\/\/tienda.mascotascolombia.org\/index.php\/wp-json\/wp\/v2\/product_tag?post=8235"}],"curies":[{"name":"wp","href":"https:\/\/api.w.org\/{rel}","templated":true}]}}