{"id":8182,"date":"2023-09-20T20:57:46","date_gmt":"2023-09-20T18:57:46","guid":{"rendered":"https:\/\/tienda.mascotascolombia.org\/index.php\/producto\/corcho-tapon-de-silicona-para-botellas\/"},"modified":"2023-09-20T21:35:36","modified_gmt":"2023-09-20T19:35:36","slug":"corcho-tapon-de-silicona-para-botellas","status":"publish","type":"product","link":"https:\/\/tienda.mascotascolombia.org\/index.php\/producto\/corcho-tapon-de-silicona-para-botellas\/","title":{"rendered":"Corcho Tap\u00f3n de Silicona para Botellas"},"content":{"rendered":"<p>P\u00e1sate&nbsp;a jugar del lado del medio ambiente y deja de utilizar esos corchos tradicionales que afectan nuestro ecosistema; utiliza estos corchos de silicona 100% seguros para tu salud y para el medio ambiente.<\/p>\n<p>Con un sellado&nbsp;herm\u00e9tico perfecto para que est\u00e9s tranquilo que tu bebida no se derramar\u00e1 bajo ninguna circunstancia.<\/p>\n<p>Con su bonito dise\u00f1o, podr\u00e1s separar las bebidas por colores.<\/p>\n<h3>CARACTER\u00cdSTICAS:<\/h3>\n<ul>\n<li>Reemplazo Ideal para corcho de botellas de vino.<\/li>\n<li>F\u00e1cil de insertar en la botella, sellado perfecto para evitar el contacto con el aire o fugas.<\/li>\n<li>Flexible con un uso prolongado.<\/li>\n<li>F\u00e1cil de limpiar<\/li>\n<li>Apto para lavavajillas<\/li>\n<li>100% nuevo y de alta calidad<\/li>\n<li>Material de silicona de calidad alimentaria<\/li>\n<li>Duradero y con una larga vida \u00fatil<\/li>\n<\/ul>\n<h4>ESPECIFICACIONES:<\/h4>\n<ul>\n<li>Material: Silicona<\/li>\n<li>Peso: 13g.<\/li>\n<li>Tama\u00f1o: 3,2cm x 5cm.<\/li>\n<li>Resistencia al calor: -40 \u2103 &#8212; 230 \u2103<\/li>\n<\/ul>\n<h4>INCLUYE:<\/h4>\n<ul>\n<li>1 Corcho Tap\u00f3n de Silicona.<\/li>\n<\/ul>\n<h4><strong>GARANT\u00cdA:<\/strong><\/h4>\n<ul>\n<li><strong>3 meses (por defectos de f\u00e1brica o funcionamiento).<\/strong><\/li>\n<\/ul>\n","protected":false},"excerpt":{"rendered":"<p>P\u00e1sate&nbsp;a jugar del lado del medio ambiente y deja de utilizar esos corchos tradicionales que afectan nuestro ecosistema; utiliza estos corchos de silicona 100% seguros para tu salud y para el medio ambiente. Con un sellado&nbsp;herm\u00e9tico perfecto para que est\u00e9s tranquilo que tu bebida no se derramar\u00e1 bajo ninguna circunstancia. Con su bonito dise\u00f1o, podr\u00e1s [&hellip;]<\/p>\n","protected":false},"featured_media":8183,"template":"","meta":{"ocean_post_layout":"","ocean_both_sidebars_style":"","ocean_both_sidebars_content_width":0,"ocean_both_sidebars_sidebars_width":0,"ocean_sidebar":"","ocean_second_sidebar":"","ocean_disable_margins":"enable","ocean_add_body_class":"","ocean_shortcode_before_top_bar":"","ocean_shortcode_after_top_bar":"","ocean_shortcode_before_header":"","ocean_shortcode_after_header":"","ocean_has_shortcode":"","ocean_shortcode_after_title":"","ocean_shortcode_before_footer_widgets":"","ocean_shortcode_after_footer_widgets":"","ocean_shortcode_before_footer_bottom":"","ocean_shortcode_after_footer_bottom":"","ocean_display_top_bar":"default","ocean_display_header":"default","ocean_header_style":"","ocean_center_header_left_menu":"","ocean_custom_header_template":"","ocean_custom_logo":0,"ocean_custom_retina_logo":0,"ocean_custom_logo_max_width":0,"ocean_custom_logo_tablet_max_width":0,"ocean_custom_logo_mobile_max_width":0,"ocean_custom_logo_max_height":0,"ocean_custom_logo_tablet_max_height":0,"ocean_custom_logo_mobile_max_height":0,"ocean_header_custom_menu":"","ocean_menu_typo_font_family":"","ocean_menu_typo_font_subset":"","ocean_menu_typo_font_size":0,"ocean_menu_typo_font_size_tablet":0,"ocean_menu_typo_font_size_mobile":0,"ocean_menu_typo_font_size_unit":"px","ocean_menu_typo_font_weight":"","ocean_menu_typo_font_weight_tablet":"","ocean_menu_typo_font_weight_mobile":"","ocean_menu_typo_transform":"","ocean_menu_typo_transform_tablet":"","ocean_menu_typo_transform_mobile":"","ocean_menu_typo_line_height":0,"ocean_menu_typo_line_height_tablet":0,"ocean_menu_typo_line_height_mobile":0,"ocean_menu_typo_line_height_unit":"","ocean_menu_typo_spacing":0,"ocean_menu_typo_spacing_tablet":0,"ocean_menu_typo_spacing_mobile":0,"ocean_menu_typo_spacing_unit":"","ocean_menu_link_color":"","ocean_menu_link_color_hover":"","ocean_menu_link_color_active":"","ocean_menu_link_background":"","ocean_menu_link_hover_background":"","ocean_menu_link_active_background":"","ocean_menu_social_links_bg":"","ocean_menu_social_hover_links_bg":"","ocean_menu_social_links_color":"","ocean_menu_social_hover_links_color":"","ocean_disable_title":"default","ocean_disable_heading":"default","ocean_post_title":"","ocean_post_subheading":"","ocean_post_title_style":"","ocean_post_title_background_color":"","ocean_post_title_background":0,"ocean_post_title_bg_image_position":"","ocean_post_title_bg_image_attachment":"","ocean_post_title_bg_image_repeat":"","ocean_post_title_bg_image_size":"","ocean_post_title_height":0,"ocean_post_title_bg_overlay":0.5,"ocean_post_title_bg_overlay_color":"","ocean_disable_breadcrumbs":"default","ocean_breadcrumbs_color":"","ocean_breadcrumbs_separator_color":"","ocean_breadcrumbs_links_color":"","ocean_breadcrumbs_links_hover_color":"","ocean_display_footer_widgets":"default","ocean_display_footer_bottom":"default","ocean_custom_footer_template":""},"product_cat":[17],"product_tag":[],"class_list":{"0":"post-8182","1":"product","2":"type-product","3":"status-publish","4":"has-post-thumbnail","5":"hentry","6":"product_cat-hogar","8":"entry","9":"has-media","10":"owp-thumbs-layout-horizontal","11":"owp-btn-normal","12":"owp-tabs-layout-horizontal","13":"has-no-thumbnails","14":"has-product-nav"},"jetpack_sharing_enabled":true,"_links":{"self":[{"href":"https:\/\/tienda.mascotascolombia.org\/index.php\/wp-json\/wp\/v2\/product\/8182","targetHints":{"allow":["GET"]}}],"collection":[{"href":"https:\/\/tienda.mascotascolombia.org\/index.php\/wp-json\/wp\/v2\/product"}],"about":[{"href":"https:\/\/tienda.mascotascolombia.org\/index.php\/wp-json\/wp\/v2\/types\/product"}],"wp:featuredmedia":[{"embeddable":true,"href":"https:\/\/tienda.mascotascolombia.org\/index.php\/wp-json\/wp\/v2\/media\/8183"}],"wp:attachment":[{"href":"https:\/\/tienda.mascotascolombia.org\/index.php\/wp-json\/wp\/v2\/media?parent=8182"}],"wp:term":[{"taxonomy":"product_cat","embeddable":true,"href":"https:\/\/tienda.mascotascolombia.org\/index.php\/wp-json\/wp\/v2\/product_cat?post=8182"},{"taxonomy":"product_tag","embeddable":true,"href":"https:\/\/tienda.mascotascolombia.org\/index.php\/wp-json\/wp\/v2\/product_tag?post=8182"}],"curies":[{"name":"wp","href":"https:\/\/api.w.org\/{rel}","templated":true}]}}