{"id":8081,"date":"2023-09-20T20:54:55","date_gmt":"2023-09-20T18:54:55","guid":{"rendered":"https:\/\/tienda.mascotascolombia.org\/index.php\/producto\/set-whiskera-de-9-onzas-embudo-y-navaja\/"},"modified":"2023-09-20T21:37:44","modified_gmt":"2023-09-20T19:37:44","slug":"set-whiskera-de-9-onzas-embudo-y-navaja","status":"publish","type":"product","link":"https:\/\/tienda.mascotascolombia.org\/index.php\/producto\/set-whiskera-de-9-onzas-embudo-y-navaja\/","title":{"rendered":"Set Whiskera de 9 onzas, Embudo y Navaja"},"content":{"rendered":"<p>Siempre quisiste tener una whiskera para cargar con los licores de tu elecci\u00f3n, nada mejor que poder disfrutar de los mejores licores. Lo m\u00e1s genial de todo es que viene con mini whiskera y m\u00e1s accesorios que hacen que sea un set muy completo.&nbsp;<\/p>\n<p>Con este set whiskera tienes todo lo que necesitas, es una idea perfecta para coleccionar o dar como obsequio.<\/p>\n<p>Perfecta para guardar el&nbsp;whisky u otros licores de tu elecci\u00f3n.&nbsp;<\/p>\n<p>Este set cuenta con Whiskera de 9 onzas, embudo, mini whiskera de 1 onza y&nbsp;navaja 5 en 1 que contiene abrelatas, destapador de botellas, sacacorchos, destornillador y cuchillo.<\/p>\n<h4>CARACTER\u00cdSTICAS:<\/h4>\n<ul>\n<li>Art\u00edculo importado 100 % nuevo.<\/li>\n<li>Tapa con sistema antiderrame.<\/li>\n<li>Ideal para todo tipo de licores. (No debe ser utilizada para bebidas con un contenido de \u00e1cido, tales como zumos de frutas, vino rojo).<\/li>\n<li>Con navaja 5 en 1 que contiene abrelatas, destapador de botellas, sacacorchos, destornillador y cuchillo.<\/li>\n<\/ul>\n<h4>ESPECIFICACIONES:<\/h4>\n<ul>\n<li>Material: Acero Inoxidable.<\/li>\n<li>Medidas de la whiskera:(15 cm x 9,2 cm x 2 cm).<\/li>\n<li>Medidas Embudo: 3 cm x 3,5 cm.<\/li>\n<li>Medidas Mini Whiskera: 6,3 cm x 4 cm 2 cm.<\/li>\n<li>Medidas Navaja: 9 cm x 2,5 cm x 1 cm.<\/li>\n<li>Peso Whiskera: 119 gr.<\/li>\n<li>Peso Mini Whiskera: 30,3 gr.<\/li>\n<li>Peo Navaja: 55,9 gr.<\/li>\n<li>Peso Embudo: 4,7 cm.<\/li>\n<li>Peso del paquete: 395,2 gr.<\/li>\n<li>Capacidad 8 onzas.<\/li>\n<\/ul>\n<h4>INCLUYE:<\/h4>\n<ul>\n<li>1 Whiskera de 8 onzas.&nbsp;<\/li>\n<li>1 Mini Whiskera de 1 onza.<\/li>\n<li>1 Navaja.<\/li>\n<li>1 Embudo en acero inoxidable.<\/li>\n<li>1 Estuche o caja.<\/li>\n<\/ul>\n<h4><strong>GARANT\u00cdA:<\/strong><\/h4>\n<ul>\n<li><strong>3 meses (por defectos de f\u00e1brica o funcionamiento).<\/strong><\/li>\n<\/ul>\n","protected":false},"excerpt":{"rendered":"<p>Siempre quisiste tener una whiskera para cargar con los licores de tu elecci\u00f3n, nada mejor que poder disfrutar de los mejores licores. Lo m\u00e1s genial de todo es que viene con mini whiskera y m\u00e1s accesorios que hacen que sea un set muy completo.&nbsp; Con este set whiskera tienes todo lo que necesitas, es una [&hellip;]<\/p>\n","protected":false},"featured_media":8082,"template":"","meta":{"ocean_post_layout":"","ocean_both_sidebars_style":"","ocean_both_sidebars_content_width":0,"ocean_both_sidebars_sidebars_width":0,"ocean_sidebar":"","ocean_second_sidebar":"","ocean_disable_margins":"enable","ocean_add_body_class":"","ocean_shortcode_before_top_bar":"","ocean_shortcode_after_top_bar":"","ocean_shortcode_before_header":"","ocean_shortcode_after_header":"","ocean_has_shortcode":"","ocean_shortcode_after_title":"","ocean_shortcode_before_footer_widgets":"","ocean_shortcode_after_footer_widgets":"","ocean_shortcode_before_footer_bottom":"","ocean_shortcode_after_footer_bottom":"","ocean_display_top_bar":"default","ocean_display_header":"default","ocean_header_style":"","ocean_center_header_left_menu":"","ocean_custom_header_template":"","ocean_custom_logo":0,"ocean_custom_retina_logo":0,"ocean_custom_logo_max_width":0,"ocean_custom_logo_tablet_max_width":0,"ocean_custom_logo_mobile_max_width":0,"ocean_custom_logo_max_height":0,"ocean_custom_logo_tablet_max_height":0,"ocean_custom_logo_mobile_max_height":0,"ocean_header_custom_menu":"","ocean_menu_typo_font_family":"","ocean_menu_typo_font_subset":"","ocean_menu_typo_font_size":0,"ocean_menu_typo_font_size_tablet":0,"ocean_menu_typo_font_size_mobile":0,"ocean_menu_typo_font_size_unit":"px","ocean_menu_typo_font_weight":"","ocean_menu_typo_font_weight_tablet":"","ocean_menu_typo_font_weight_mobile":"","ocean_menu_typo_transform":"","ocean_menu_typo_transform_tablet":"","ocean_menu_typo_transform_mobile":"","ocean_menu_typo_line_height":0,"ocean_menu_typo_line_height_tablet":0,"ocean_menu_typo_line_height_mobile":0,"ocean_menu_typo_line_height_unit":"","ocean_menu_typo_spacing":0,"ocean_menu_typo_spacing_tablet":0,"ocean_menu_typo_spacing_mobile":0,"ocean_menu_typo_spacing_unit":"","ocean_menu_link_color":"","ocean_menu_link_color_hover":"","ocean_menu_link_color_active":"","ocean_menu_link_background":"","ocean_menu_link_hover_background":"","ocean_menu_link_active_background":"","ocean_menu_social_links_bg":"","ocean_menu_social_hover_links_bg":"","ocean_menu_social_links_color":"","ocean_menu_social_hover_links_color":"","ocean_disable_title":"default","ocean_disable_heading":"default","ocean_post_title":"","ocean_post_subheading":"","ocean_post_title_style":"","ocean_post_title_background_color":"","ocean_post_title_background":0,"ocean_post_title_bg_image_position":"","ocean_post_title_bg_image_attachment":"","ocean_post_title_bg_image_repeat":"","ocean_post_title_bg_image_size":"","ocean_post_title_height":0,"ocean_post_title_bg_overlay":0.5,"ocean_post_title_bg_overlay_color":"","ocean_disable_breadcrumbs":"default","ocean_breadcrumbs_color":"","ocean_breadcrumbs_separator_color":"","ocean_breadcrumbs_links_color":"","ocean_breadcrumbs_links_hover_color":"","ocean_display_footer_widgets":"default","ocean_display_footer_bottom":"default","ocean_custom_footer_template":""},"product_cat":[17],"product_tag":[],"class_list":{"0":"post-8081","1":"product","2":"type-product","3":"status-publish","4":"has-post-thumbnail","5":"hentry","6":"product_cat-hogar","8":"entry","9":"has-media","10":"owp-thumbs-layout-horizontal","11":"owp-btn-normal","12":"owp-tabs-layout-horizontal","13":"has-no-thumbnails","14":"has-product-nav"},"jetpack_sharing_enabled":true,"_links":{"self":[{"href":"https:\/\/tienda.mascotascolombia.org\/index.php\/wp-json\/wp\/v2\/product\/8081","targetHints":{"allow":["GET"]}}],"collection":[{"href":"https:\/\/tienda.mascotascolombia.org\/index.php\/wp-json\/wp\/v2\/product"}],"about":[{"href":"https:\/\/tienda.mascotascolombia.org\/index.php\/wp-json\/wp\/v2\/types\/product"}],"wp:featuredmedia":[{"embeddable":true,"href":"https:\/\/tienda.mascotascolombia.org\/index.php\/wp-json\/wp\/v2\/media\/8082"}],"wp:attachment":[{"href":"https:\/\/tienda.mascotascolombia.org\/index.php\/wp-json\/wp\/v2\/media?parent=8081"}],"wp:term":[{"taxonomy":"product_cat","embeddable":true,"href":"https:\/\/tienda.mascotascolombia.org\/index.php\/wp-json\/wp\/v2\/product_cat?post=8081"},{"taxonomy":"product_tag","embeddable":true,"href":"https:\/\/tienda.mascotascolombia.org\/index.php\/wp-json\/wp\/v2\/product_tag?post=8081"}],"curies":[{"name":"wp","href":"https:\/\/api.w.org\/{rel}","templated":true}]}}