{"id":7864,"date":"2023-09-20T20:49:16","date_gmt":"2023-09-20T18:49:16","guid":{"rendered":"https:\/\/tienda.mascotascolombia.org\/index.php\/producto\/soportes-de-gel-pad-adhesivos-x2-2\/"},"modified":"2023-09-20T21:38:52","modified_gmt":"2023-09-20T19:38:52","slug":"soportes-de-gel-pad-adhesivos-x2-2","status":"publish","type":"product","link":"https:\/\/tienda.mascotascolombia.org\/index.php\/producto\/soportes-de-gel-pad-adhesivos-x2-2\/","title":{"rendered":"Soportes de Gel Pad Adhesivos X2"},"content":{"rendered":"<p><strong>\u00bfQuieres pegar el celular y los objetos donde quieras?<\/strong><\/p>\n<p>Esta incre\u00edble&nbsp; funda almohadilla de goma Nano, es la \u00faltima tecnolog\u00eda porque sostiene y se pega a cualquier&nbsp;superficie como&nbsp;madera, vidrio, espejos, cemento y cer\u00e1mica en cualquier superficie plana. Lo mejor de todo es lavable, as\u00ed que la pega no se acabar\u00e1, es reutilizable y f\u00e1cil de instalar.&nbsp;<\/p>\n<p>Soporta otros dispositivos, como sostener la c\u00e1mara, joyas, utensilios de cocina, como holder para el carro, colgar las llaves, siempre estar\u00e1n en el mismo lugar porque funciona como un im\u00e1n. Es muy pr\u00e1ctico y f\u00e1cil de usar solo debes ubicar donde quieres pegarlo y pegar el celular.&nbsp;<\/p>\n<p>Dise\u00f1ada para facilitar el diario vivir en hogares y oficinas, donde recurrentemente necesitamos pegar o sujetar diversos art\u00edculos a la pared.<\/p>\n<p>Son muchos usos los que puedes darle, ya decidir\u00e1s cu\u00e1l quieres darle.&nbsp;<\/p>\n<h4>CARACTER\u00cdSTICAS:&nbsp;<\/h4>\n<ul>\n<li>Este gel de silicona magn\u00e9tico es m\u00e1gico: puedes utilizar tu tel\u00e9fono para el Servicio de GPS mientras est\u00e9s en movimiento. Puedes pegar este nanopad en el volante o en el salpicadero del coche. Ideal para sostener la c\u00e1mara, equipo port\u00e1til.<\/li>\n<li>F\u00e1cil de mantener, sin residuos. No se quita, es f\u00e1cil de quitar y no deja huellas. Es f\u00e1cil de limpiar con agua y nunca pierde su poder de retenci\u00f3n. Admite joyas como im\u00e1n. Solo tienes que lavarlo para volver a usarlo.<\/li>\n<\/ul>\n<h4>ESPECIFICACIONES:&nbsp;<\/h4>\n<ul>\n<li>Gel de silicona.<\/li>\n<li>Medidas:<\/li>\n<li>Funda rectangular 150 mm de largo y de ancho 30 mm.<\/li>\n<li>Funda de la otra forma: 135 mm de largo y de ancho 55 mm.<\/li>\n<li>Peso: 54 gr.<\/li>\n<\/ul>\n<h4>INCLUYE:&nbsp;<\/h4>\n<ul>\n<li>1 paquete con 2 fundas de goma adhesiva lavable para celular.<\/li>\n<\/ul>\n<p>&nbsp;<\/p>\n","protected":false},"excerpt":{"rendered":"<p>\u00bfQuieres pegar el celular y los objetos donde quieras? Esta incre\u00edble&nbsp; funda almohadilla de goma Nano, es la \u00faltima tecnolog\u00eda porque sostiene y se pega a cualquier&nbsp;superficie como&nbsp;madera, vidrio, espejos, cemento y cer\u00e1mica en cualquier superficie plana. Lo mejor de todo es lavable, as\u00ed que la pega no se acabar\u00e1, es reutilizable y f\u00e1cil de [&hellip;]<\/p>\n","protected":false},"featured_media":7865,"template":"","meta":{"ocean_post_layout":"","ocean_both_sidebars_style":"","ocean_both_sidebars_content_width":0,"ocean_both_sidebars_sidebars_width":0,"ocean_sidebar":"","ocean_second_sidebar":"","ocean_disable_margins":"enable","ocean_add_body_class":"","ocean_shortcode_before_top_bar":"","ocean_shortcode_after_top_bar":"","ocean_shortcode_before_header":"","ocean_shortcode_after_header":"","ocean_has_shortcode":"","ocean_shortcode_after_title":"","ocean_shortcode_before_footer_widgets":"","ocean_shortcode_after_footer_widgets":"","ocean_shortcode_before_footer_bottom":"","ocean_shortcode_after_footer_bottom":"","ocean_display_top_bar":"default","ocean_display_header":"default","ocean_header_style":"","ocean_center_header_left_menu":"","ocean_custom_header_template":"","ocean_custom_logo":0,"ocean_custom_retina_logo":0,"ocean_custom_logo_max_width":0,"ocean_custom_logo_tablet_max_width":0,"ocean_custom_logo_mobile_max_width":0,"ocean_custom_logo_max_height":0,"ocean_custom_logo_tablet_max_height":0,"ocean_custom_logo_mobile_max_height":0,"ocean_header_custom_menu":"","ocean_menu_typo_font_family":"","ocean_menu_typo_font_subset":"","ocean_menu_typo_font_size":0,"ocean_menu_typo_font_size_tablet":0,"ocean_menu_typo_font_size_mobile":0,"ocean_menu_typo_font_size_unit":"px","ocean_menu_typo_font_weight":"","ocean_menu_typo_font_weight_tablet":"","ocean_menu_typo_font_weight_mobile":"","ocean_menu_typo_transform":"","ocean_menu_typo_transform_tablet":"","ocean_menu_typo_transform_mobile":"","ocean_menu_typo_line_height":0,"ocean_menu_typo_line_height_tablet":0,"ocean_menu_typo_line_height_mobile":0,"ocean_menu_typo_line_height_unit":"","ocean_menu_typo_spacing":0,"ocean_menu_typo_spacing_tablet":0,"ocean_menu_typo_spacing_mobile":0,"ocean_menu_typo_spacing_unit":"","ocean_menu_link_color":"","ocean_menu_link_color_hover":"","ocean_menu_link_color_active":"","ocean_menu_link_background":"","ocean_menu_link_hover_background":"","ocean_menu_link_active_background":"","ocean_menu_social_links_bg":"","ocean_menu_social_hover_links_bg":"","ocean_menu_social_links_color":"","ocean_menu_social_hover_links_color":"","ocean_disable_title":"default","ocean_disable_heading":"default","ocean_post_title":"","ocean_post_subheading":"","ocean_post_title_style":"","ocean_post_title_background_color":"","ocean_post_title_background":0,"ocean_post_title_bg_image_position":"","ocean_post_title_bg_image_attachment":"","ocean_post_title_bg_image_repeat":"","ocean_post_title_bg_image_size":"","ocean_post_title_height":0,"ocean_post_title_bg_overlay":0.5,"ocean_post_title_bg_overlay_color":"","ocean_disable_breadcrumbs":"default","ocean_breadcrumbs_color":"","ocean_breadcrumbs_separator_color":"","ocean_breadcrumbs_links_color":"","ocean_breadcrumbs_links_hover_color":"","ocean_display_footer_widgets":"default","ocean_display_footer_bottom":"default","ocean_custom_footer_template":""},"product_cat":[17],"product_tag":[],"class_list":{"0":"post-7864","1":"product","2":"type-product","3":"status-publish","4":"has-post-thumbnail","5":"hentry","6":"product_cat-hogar","8":"entry","9":"has-media","10":"owp-thumbs-layout-horizontal","11":"owp-btn-normal","12":"owp-tabs-layout-horizontal","13":"has-no-thumbnails","14":"has-product-nav"},"jetpack_sharing_enabled":true,"_links":{"self":[{"href":"https:\/\/tienda.mascotascolombia.org\/index.php\/wp-json\/wp\/v2\/product\/7864","targetHints":{"allow":["GET"]}}],"collection":[{"href":"https:\/\/tienda.mascotascolombia.org\/index.php\/wp-json\/wp\/v2\/product"}],"about":[{"href":"https:\/\/tienda.mascotascolombia.org\/index.php\/wp-json\/wp\/v2\/types\/product"}],"wp:featuredmedia":[{"embeddable":true,"href":"https:\/\/tienda.mascotascolombia.org\/index.php\/wp-json\/wp\/v2\/media\/7865"}],"wp:attachment":[{"href":"https:\/\/tienda.mascotascolombia.org\/index.php\/wp-json\/wp\/v2\/media?parent=7864"}],"wp:term":[{"taxonomy":"product_cat","embeddable":true,"href":"https:\/\/tienda.mascotascolombia.org\/index.php\/wp-json\/wp\/v2\/product_cat?post=7864"},{"taxonomy":"product_tag","embeddable":true,"href":"https:\/\/tienda.mascotascolombia.org\/index.php\/wp-json\/wp\/v2\/product_tag?post=7864"}],"curies":[{"name":"wp","href":"https:\/\/api.w.org\/{rel}","templated":true}]}}