{"id":7062,"date":"2023-09-20T18:58:16","date_gmt":"2023-09-20T16:58:16","guid":{"rendered":"https:\/\/tienda.mascotascolombia.org\/index.php\/producto\/set-arte-maleta-x-180-piezas-madera-semi\/"},"modified":"2023-09-20T19:13:30","modified_gmt":"2023-09-20T17:13:30","slug":"set-arte-maleta-x-180-piezas-madera-semi","status":"publish","type":"product","link":"https:\/\/tienda.mascotascolombia.org\/index.php\/producto\/set-arte-maleta-x-180-piezas-madera-semi\/","title":{"rendered":"SET ARTE MALETA X 180 PIEZAS MADERA SEMI"},"content":{"rendered":"<p>Juego de arte de 180 piezas: el set de arte Buddy N Buddies de 180 piezas. Es un estudio port\u00e1til todo en uno con docenas de ceras, l\u00e1pices, marcadores, pasteles de acuarela, y hojas de papel de dibujo que pueden mantenerte durante horas. Funda de transporte port\u00e1til: el juego de arte de caballete de doble cara de 180 piezas est\u00e1 equipado con un caballete desplegable integrado y de doble cara que dos ni\u00f1os pueden pintar c\u00f3modamente. Funda port\u00e1til y ligera que se puede llevar a cualquier lugar, tambi\u00e9n mantiene tus componentes organizados.<\/p>\n<p>Materiales de alta calidad que son aptos para ni\u00f1os. No t\u00f3xicos y sin olor, seguros para que los ni\u00f1os jueguen. Primero ponemos los mejores intereses de los ni\u00f1os. Un bloc de dibujo reversible para que dos ni\u00f1os lo utilicen simult\u00e1neamente. Juego creativo y educativo: este juego de arte es un juego de introducci\u00f3n perfecto para los ni\u00f1os que reci\u00e9n comenzaron a aprender a dibujar. Ayuda a los ni\u00f1os a expresar, crear y conectar a trav\u00e9s de juegos coloridos.<\/p>\n<p>SEGURO Y NO T\u00d3XICO: se adopt\u00f3 una tinta y un bol\u00edgrafo no t\u00f3xico, libre de \u00e1cido, a base de agua y seco, ideal para usted y sus hijos mientras usa nuestros crayones de acuarela. Estos crayones para colorear no se recomiendan para ni\u00f1os menores de 3 a\u00f1os.<\/p>\n<p>MEJOR REGALO: ideal para cumplea\u00f1os y d\u00edas festivos, Kids Art Set te permite regalar imaginaci\u00f3n y creatividad a tu peque\u00f1o artista favorito. Este conjunto tambi\u00e9n es un gran compa\u00f1ero para las vacaciones familiares.<\/p>\n","protected":false},"excerpt":{"rendered":"<p>Juego de arte de 180 piezas: el set de arte Buddy N Buddies de 180 piezas. Es un estudio port\u00e1til todo en uno con docenas de ceras, l\u00e1pices, marcadores, pasteles de acuarela, y hojas de papel de dibujo que pueden mantenerte durante horas. Funda de transporte port\u00e1til: el juego de arte de caballete de doble [&hellip;]<\/p>\n","protected":false},"featured_media":7063,"template":"","meta":{"ocean_post_layout":"","ocean_both_sidebars_style":"","ocean_both_sidebars_content_width":0,"ocean_both_sidebars_sidebars_width":0,"ocean_sidebar":"","ocean_second_sidebar":"","ocean_disable_margins":"enable","ocean_add_body_class":"","ocean_shortcode_before_top_bar":"","ocean_shortcode_after_top_bar":"","ocean_shortcode_before_header":"","ocean_shortcode_after_header":"","ocean_has_shortcode":"","ocean_shortcode_after_title":"","ocean_shortcode_before_footer_widgets":"","ocean_shortcode_after_footer_widgets":"","ocean_shortcode_before_footer_bottom":"","ocean_shortcode_after_footer_bottom":"","ocean_display_top_bar":"default","ocean_display_header":"default","ocean_header_style":"","ocean_center_header_left_menu":"","ocean_custom_header_template":"","ocean_custom_logo":0,"ocean_custom_retina_logo":0,"ocean_custom_logo_max_width":0,"ocean_custom_logo_tablet_max_width":0,"ocean_custom_logo_mobile_max_width":0,"ocean_custom_logo_max_height":0,"ocean_custom_logo_tablet_max_height":0,"ocean_custom_logo_mobile_max_height":0,"ocean_header_custom_menu":"","ocean_menu_typo_font_family":"","ocean_menu_typo_font_subset":"","ocean_menu_typo_font_size":0,"ocean_menu_typo_font_size_tablet":0,"ocean_menu_typo_font_size_mobile":0,"ocean_menu_typo_font_size_unit":"px","ocean_menu_typo_font_weight":"","ocean_menu_typo_font_weight_tablet":"","ocean_menu_typo_font_weight_mobile":"","ocean_menu_typo_transform":"","ocean_menu_typo_transform_tablet":"","ocean_menu_typo_transform_mobile":"","ocean_menu_typo_line_height":0,"ocean_menu_typo_line_height_tablet":0,"ocean_menu_typo_line_height_mobile":0,"ocean_menu_typo_line_height_unit":"","ocean_menu_typo_spacing":0,"ocean_menu_typo_spacing_tablet":0,"ocean_menu_typo_spacing_mobile":0,"ocean_menu_typo_spacing_unit":"","ocean_menu_link_color":"","ocean_menu_link_color_hover":"","ocean_menu_link_color_active":"","ocean_menu_link_background":"","ocean_menu_link_hover_background":"","ocean_menu_link_active_background":"","ocean_menu_social_links_bg":"","ocean_menu_social_hover_links_bg":"","ocean_menu_social_links_color":"","ocean_menu_social_hover_links_color":"","ocean_disable_title":"default","ocean_disable_heading":"default","ocean_post_title":"","ocean_post_subheading":"","ocean_post_title_style":"","ocean_post_title_background_color":"","ocean_post_title_background":0,"ocean_post_title_bg_image_position":"","ocean_post_title_bg_image_attachment":"","ocean_post_title_bg_image_repeat":"","ocean_post_title_bg_image_size":"","ocean_post_title_height":0,"ocean_post_title_bg_overlay":0.5,"ocean_post_title_bg_overlay_color":"","ocean_disable_breadcrumbs":"default","ocean_breadcrumbs_color":"","ocean_breadcrumbs_separator_color":"","ocean_breadcrumbs_links_color":"","ocean_breadcrumbs_links_hover_color":"","ocean_display_footer_widgets":"default","ocean_display_footer_bottom":"default","ocean_custom_footer_template":""},"product_cat":[22],"product_tag":[],"class_list":{"0":"post-7062","1":"product","2":"type-product","3":"status-publish","4":"has-post-thumbnail","5":"hentry","6":"product_cat-jugueteria","8":"entry","9":"has-media","10":"owp-thumbs-layout-horizontal","11":"owp-btn-normal","12":"owp-tabs-layout-horizontal","13":"has-no-thumbnails","14":"has-product-nav"},"jetpack_sharing_enabled":true,"_links":{"self":[{"href":"https:\/\/tienda.mascotascolombia.org\/index.php\/wp-json\/wp\/v2\/product\/7062","targetHints":{"allow":["GET"]}}],"collection":[{"href":"https:\/\/tienda.mascotascolombia.org\/index.php\/wp-json\/wp\/v2\/product"}],"about":[{"href":"https:\/\/tienda.mascotascolombia.org\/index.php\/wp-json\/wp\/v2\/types\/product"}],"wp:featuredmedia":[{"embeddable":true,"href":"https:\/\/tienda.mascotascolombia.org\/index.php\/wp-json\/wp\/v2\/media\/7063"}],"wp:attachment":[{"href":"https:\/\/tienda.mascotascolombia.org\/index.php\/wp-json\/wp\/v2\/media?parent=7062"}],"wp:term":[{"taxonomy":"product_cat","embeddable":true,"href":"https:\/\/tienda.mascotascolombia.org\/index.php\/wp-json\/wp\/v2\/product_cat?post=7062"},{"taxonomy":"product_tag","embeddable":true,"href":"https:\/\/tienda.mascotascolombia.org\/index.php\/wp-json\/wp\/v2\/product_tag?post=7062"}],"curies":[{"name":"wp","href":"https:\/\/api.w.org\/{rel}","templated":true}]}}