{"id":6989,"date":"2023-09-20T18:18:24","date_gmt":"2023-09-20T16:18:24","guid":{"rendered":"https:\/\/tienda.mascotascolombia.org\/index.php\/producto\/audifono-amplificador-de-sonido-sordos-3\/"},"modified":"2023-09-20T18:50:16","modified_gmt":"2023-09-20T16:50:16","slug":"audifono-amplificador-de-sonido-sordos-3","status":"publish","type":"product","link":"https:\/\/tienda.mascotascolombia.org\/index.php\/producto\/audifono-amplificador-de-sonido-sordos-3\/","title":{"rendered":"Aud\u00edfono amplificador de sonido sordos"},"content":{"rendered":"<p>Aud\u00edfono amplificador de sonido para sordos<\/p>\n<p>Caracter\u00edsticas destacadas Detalle de producto Detalle de producto SKU AM219EL0QE4G2LCO Condici\u00f3n del producto Nuevo Descripci\u00f3n Saludos Comunidad, Disponible para la venta este mini amplificador de sonidos en color BEIGE, para utilizar en los o\u00eddos ( Incluye pilas AG-13) + ESTUCHE PL\u00c1STICO NEGRO<\/p>\n<p>&nbsp;R\u00cdGIDO. INSTRUCCIONES:&nbsp;<\/p>\n<p>1. Ajuste de volumen al m\u00ednimo antes de usarlo&nbsp;<\/p>\n<p>2. Usar los tapones para o\u00eddos ( INCLUIDOS)&nbsp;<\/p>\n<p>2. Aumentar el volumen gradualmente para evitar un aumento repentino del sonido&nbsp;<\/p>\n<p>3. Presi\u00f3n sana saturada m\u00e1xima: 125 dB + 4 dB&nbsp;<\/p>\n<p>4. Ganancia de sonido: =50 dB&nbsp;<\/p>\n<p>5. Distorsi\u00f3n de la onda arm\u00f3nica: =50%&nbsp;<\/p>\n<p>6. Respuesta de frecuencia Rango: 300 Hz ~ 4000 Hz&nbsp;<\/p>\n<p>7. Ruido de entrada: = 30 dB&nbsp;<\/p>\n<p>8. Voltaje de alimentaci\u00f3n: 1.5 V&nbsp;<\/p>\n<p>9. Corriente: =4mA&nbsp;<\/p>\n<p>10. Tipo de la bater\u00eda: Bater\u00eda de la c\u00e9lula del bot\u00f3n AG 13<\/p>\n","protected":false},"excerpt":{"rendered":"<p>Aud\u00edfono amplificador de sonido para sordos Caracter\u00edsticas destacadas Detalle de producto Detalle de producto SKU AM219EL0QE4G2LCO Condici\u00f3n del producto Nuevo Descripci\u00f3n Saludos Comunidad, Disponible para la venta este mini amplificador de sonidos en color BEIGE, para utilizar en los o\u00eddos ( Incluye pilas AG-13) + ESTUCHE PL\u00c1STICO NEGRO &nbsp;R\u00cdGIDO. INSTRUCCIONES:&nbsp; 1. Ajuste de volumen al [&hellip;]<\/p>\n","protected":false},"featured_media":6990,"template":"","meta":{"ocean_post_layout":"","ocean_both_sidebars_style":"","ocean_both_sidebars_content_width":0,"ocean_both_sidebars_sidebars_width":0,"ocean_sidebar":"","ocean_second_sidebar":"","ocean_disable_margins":"enable","ocean_add_body_class":"","ocean_shortcode_before_top_bar":"","ocean_shortcode_after_top_bar":"","ocean_shortcode_before_header":"","ocean_shortcode_after_header":"","ocean_has_shortcode":"","ocean_shortcode_after_title":"","ocean_shortcode_before_footer_widgets":"","ocean_shortcode_after_footer_widgets":"","ocean_shortcode_before_footer_bottom":"","ocean_shortcode_after_footer_bottom":"","ocean_display_top_bar":"default","ocean_display_header":"default","ocean_header_style":"","ocean_center_header_left_menu":"","ocean_custom_header_template":"","ocean_custom_logo":0,"ocean_custom_retina_logo":0,"ocean_custom_logo_max_width":0,"ocean_custom_logo_tablet_max_width":0,"ocean_custom_logo_mobile_max_width":0,"ocean_custom_logo_max_height":0,"ocean_custom_logo_tablet_max_height":0,"ocean_custom_logo_mobile_max_height":0,"ocean_header_custom_menu":"","ocean_menu_typo_font_family":"","ocean_menu_typo_font_subset":"","ocean_menu_typo_font_size":0,"ocean_menu_typo_font_size_tablet":0,"ocean_menu_typo_font_size_mobile":0,"ocean_menu_typo_font_size_unit":"px","ocean_menu_typo_font_weight":"","ocean_menu_typo_font_weight_tablet":"","ocean_menu_typo_font_weight_mobile":"","ocean_menu_typo_transform":"","ocean_menu_typo_transform_tablet":"","ocean_menu_typo_transform_mobile":"","ocean_menu_typo_line_height":0,"ocean_menu_typo_line_height_tablet":0,"ocean_menu_typo_line_height_mobile":0,"ocean_menu_typo_line_height_unit":"","ocean_menu_typo_spacing":0,"ocean_menu_typo_spacing_tablet":0,"ocean_menu_typo_spacing_mobile":0,"ocean_menu_typo_spacing_unit":"","ocean_menu_link_color":"","ocean_menu_link_color_hover":"","ocean_menu_link_color_active":"","ocean_menu_link_background":"","ocean_menu_link_hover_background":"","ocean_menu_link_active_background":"","ocean_menu_social_links_bg":"","ocean_menu_social_hover_links_bg":"","ocean_menu_social_links_color":"","ocean_menu_social_hover_links_color":"","ocean_disable_title":"default","ocean_disable_heading":"default","ocean_post_title":"","ocean_post_subheading":"","ocean_post_title_style":"","ocean_post_title_background_color":"","ocean_post_title_background":0,"ocean_post_title_bg_image_position":"","ocean_post_title_bg_image_attachment":"","ocean_post_title_bg_image_repeat":"","ocean_post_title_bg_image_size":"","ocean_post_title_height":0,"ocean_post_title_bg_overlay":0.5,"ocean_post_title_bg_overlay_color":"","ocean_disable_breadcrumbs":"default","ocean_breadcrumbs_color":"","ocean_breadcrumbs_separator_color":"","ocean_breadcrumbs_links_color":"","ocean_breadcrumbs_links_hover_color":"","ocean_display_footer_widgets":"default","ocean_display_footer_bottom":"default","ocean_custom_footer_template":""},"product_cat":[18],"product_tag":[],"class_list":{"0":"post-6989","1":"product","2":"type-product","3":"status-publish","4":"has-post-thumbnail","5":"hentry","6":"product_cat-salud","8":"entry","9":"has-media","10":"owp-thumbs-layout-horizontal","11":"owp-btn-normal","12":"owp-tabs-layout-horizontal","13":"has-no-thumbnails","14":"has-product-nav"},"jetpack_sharing_enabled":true,"_links":{"self":[{"href":"https:\/\/tienda.mascotascolombia.org\/index.php\/wp-json\/wp\/v2\/product\/6989","targetHints":{"allow":["GET"]}}],"collection":[{"href":"https:\/\/tienda.mascotascolombia.org\/index.php\/wp-json\/wp\/v2\/product"}],"about":[{"href":"https:\/\/tienda.mascotascolombia.org\/index.php\/wp-json\/wp\/v2\/types\/product"}],"wp:featuredmedia":[{"embeddable":true,"href":"https:\/\/tienda.mascotascolombia.org\/index.php\/wp-json\/wp\/v2\/media\/6990"}],"wp:attachment":[{"href":"https:\/\/tienda.mascotascolombia.org\/index.php\/wp-json\/wp\/v2\/media?parent=6989"}],"wp:term":[{"taxonomy":"product_cat","embeddable":true,"href":"https:\/\/tienda.mascotascolombia.org\/index.php\/wp-json\/wp\/v2\/product_cat?post=6989"},{"taxonomy":"product_tag","embeddable":true,"href":"https:\/\/tienda.mascotascolombia.org\/index.php\/wp-json\/wp\/v2\/product_tag?post=6989"}],"curies":[{"name":"wp","href":"https:\/\/api.w.org\/{rel}","templated":true}]}}