{"id":6746,"date":"2023-09-20T18:10:29","date_gmt":"2023-09-20T16:10:29","guid":{"rendered":"https:\/\/tienda.mascotascolombia.org\/index.php\/producto\/receloviix\/"},"modified":"2023-09-20T18:51:08","modified_gmt":"2023-09-20T16:51:08","slug":"receloviix","status":"publish","type":"product","link":"https:\/\/tienda.mascotascolombia.org\/index.php\/producto\/receloviix\/","title":{"rendered":"RECELOVIIX"},"content":{"rendered":"<p>BENEFICIOS:<\/p>\n<p>&nbsp;<\/p>\n<p>-Ayuda al proceso de curaci\u00f3n de heridas de todo tipo.<\/p>\n<p>&nbsp;<\/p>\n<p>-Ayuda al proceso de curaci\u00f3n de quemaduras de 2do y 3er grado.<\/p>\n<p>&nbsp;<\/p>\n<p>-Elimina las infecciones de la piel.<\/p>\n<p>&nbsp;<\/p>\n<p>Brotes, Irritaciones,Llagas,Abscesos,\u00dalceras,Placas en la boca,Vejigas.<\/p>\n<p>&nbsp;<\/p>\n<p>Receloviix es una soluci\u00f3n de 120 ml bioregeneradora de uso t\u00f3pico recomendada para la limpieza de la piel. Receloviix es un spray t\u00f3pico bioregenerador, hidratante y acondicionador, especialmente creado para la reparaci\u00f3n de la piel. Ayuda a mejorar el aspecto, textura y color en las cicatrices de la piel. Estimula la regeneracio\u0301n de las fibras de cola\u0301geno de tejido cuta\u0301neo. Es un excelente hidratante y acondicionador para la piel. Modo de uso: limpiar y secar la piel antes de aplicar el producto. Aplica el producto 3 veces al d\u00eda, de 4 a 6 atomizaciones sobre el \u00e1rea afectada, lo suficiente para cubrir generosamente.&nbsp;INVIMA: NSOC89518-18CO<\/p>\n","protected":false},"excerpt":{"rendered":"<p>BENEFICIOS: &nbsp; -Ayuda al proceso de curaci\u00f3n de heridas de todo tipo. &nbsp; -Ayuda al proceso de curaci\u00f3n de quemaduras de 2do y 3er grado. &nbsp; -Elimina las infecciones de la piel. &nbsp; Brotes, Irritaciones,Llagas,Abscesos,\u00dalceras,Placas en la boca,Vejigas. &nbsp; Receloviix es una soluci\u00f3n de 120 ml bioregeneradora de uso t\u00f3pico recomendada para la limpieza de [&hellip;]<\/p>\n","protected":false},"featured_media":6747,"template":"","meta":{"ocean_post_layout":"","ocean_both_sidebars_style":"","ocean_both_sidebars_content_width":0,"ocean_both_sidebars_sidebars_width":0,"ocean_sidebar":"","ocean_second_sidebar":"","ocean_disable_margins":"enable","ocean_add_body_class":"","ocean_shortcode_before_top_bar":"","ocean_shortcode_after_top_bar":"","ocean_shortcode_before_header":"","ocean_shortcode_after_header":"","ocean_has_shortcode":"","ocean_shortcode_after_title":"","ocean_shortcode_before_footer_widgets":"","ocean_shortcode_after_footer_widgets":"","ocean_shortcode_before_footer_bottom":"","ocean_shortcode_after_footer_bottom":"","ocean_display_top_bar":"default","ocean_display_header":"default","ocean_header_style":"","ocean_center_header_left_menu":"","ocean_custom_header_template":"","ocean_custom_logo":0,"ocean_custom_retina_logo":0,"ocean_custom_logo_max_width":0,"ocean_custom_logo_tablet_max_width":0,"ocean_custom_logo_mobile_max_width":0,"ocean_custom_logo_max_height":0,"ocean_custom_logo_tablet_max_height":0,"ocean_custom_logo_mobile_max_height":0,"ocean_header_custom_menu":"","ocean_menu_typo_font_family":"","ocean_menu_typo_font_subset":"","ocean_menu_typo_font_size":0,"ocean_menu_typo_font_size_tablet":0,"ocean_menu_typo_font_size_mobile":0,"ocean_menu_typo_font_size_unit":"px","ocean_menu_typo_font_weight":"","ocean_menu_typo_font_weight_tablet":"","ocean_menu_typo_font_weight_mobile":"","ocean_menu_typo_transform":"","ocean_menu_typo_transform_tablet":"","ocean_menu_typo_transform_mobile":"","ocean_menu_typo_line_height":0,"ocean_menu_typo_line_height_tablet":0,"ocean_menu_typo_line_height_mobile":0,"ocean_menu_typo_line_height_unit":"","ocean_menu_typo_spacing":0,"ocean_menu_typo_spacing_tablet":0,"ocean_menu_typo_spacing_mobile":0,"ocean_menu_typo_spacing_unit":"","ocean_menu_link_color":"","ocean_menu_link_color_hover":"","ocean_menu_link_color_active":"","ocean_menu_link_background":"","ocean_menu_link_hover_background":"","ocean_menu_link_active_background":"","ocean_menu_social_links_bg":"","ocean_menu_social_hover_links_bg":"","ocean_menu_social_links_color":"","ocean_menu_social_hover_links_color":"","ocean_disable_title":"default","ocean_disable_heading":"default","ocean_post_title":"","ocean_post_subheading":"","ocean_post_title_style":"","ocean_post_title_background_color":"","ocean_post_title_background":0,"ocean_post_title_bg_image_position":"","ocean_post_title_bg_image_attachment":"","ocean_post_title_bg_image_repeat":"","ocean_post_title_bg_image_size":"","ocean_post_title_height":0,"ocean_post_title_bg_overlay":0.5,"ocean_post_title_bg_overlay_color":"","ocean_disable_breadcrumbs":"default","ocean_breadcrumbs_color":"","ocean_breadcrumbs_separator_color":"","ocean_breadcrumbs_links_color":"","ocean_breadcrumbs_links_hover_color":"","ocean_display_footer_widgets":"default","ocean_display_footer_bottom":"default","ocean_custom_footer_template":""},"product_cat":[18],"product_tag":[],"class_list":{"0":"post-6746","1":"product","2":"type-product","3":"status-publish","4":"has-post-thumbnail","5":"hentry","6":"product_cat-salud","8":"entry","9":"has-media","10":"owp-thumbs-layout-horizontal","11":"owp-btn-normal","12":"owp-tabs-layout-horizontal","13":"has-no-thumbnails","14":"has-product-nav"},"jetpack_sharing_enabled":true,"_links":{"self":[{"href":"https:\/\/tienda.mascotascolombia.org\/index.php\/wp-json\/wp\/v2\/product\/6746","targetHints":{"allow":["GET"]}}],"collection":[{"href":"https:\/\/tienda.mascotascolombia.org\/index.php\/wp-json\/wp\/v2\/product"}],"about":[{"href":"https:\/\/tienda.mascotascolombia.org\/index.php\/wp-json\/wp\/v2\/types\/product"}],"wp:featuredmedia":[{"embeddable":true,"href":"https:\/\/tienda.mascotascolombia.org\/index.php\/wp-json\/wp\/v2\/media\/6747"}],"wp:attachment":[{"href":"https:\/\/tienda.mascotascolombia.org\/index.php\/wp-json\/wp\/v2\/media?parent=6746"}],"wp:term":[{"taxonomy":"product_cat","embeddable":true,"href":"https:\/\/tienda.mascotascolombia.org\/index.php\/wp-json\/wp\/v2\/product_cat?post=6746"},{"taxonomy":"product_tag","embeddable":true,"href":"https:\/\/tienda.mascotascolombia.org\/index.php\/wp-json\/wp\/v2\/product_tag?post=6746"}],"curies":[{"name":"wp","href":"https:\/\/api.w.org\/{rel}","templated":true}]}}