{"id":6494,"date":"2023-09-20T16:46:01","date_gmt":"2023-09-20T14:46:01","guid":{"rendered":"https:\/\/tienda.mascotascolombia.org\/index.php\/producto\/smartwatch-serie-8-t500-ultra\/"},"modified":"2023-09-20T16:47:06","modified_gmt":"2023-09-20T14:47:06","slug":"smartwatch-serie-8-t500-ultra","status":"publish","type":"product","link":"https:\/\/tienda.mascotascolombia.org\/index.php\/producto\/smartwatch-serie-8-t500-ultra\/","title":{"rendered":"Smartwatch serie 8 T500 ultra"},"content":{"rendered":"<p>Smartwatch serie 8 T500 ultra<\/p>\n<p>Tipo Apple Watch Bluetooth, Reloj Inteligente, 45mm, Nuevo dise\u00f1o 2023, Colors<\/p>\n<p>CARACTER\u00cdSTICAS DESTACADAS<\/p>\n<p>\u2022 Realiza y Recibe llamadas v\u00eda Bluetooth.<\/p>\n<p>\u2022 Mensajes de emergentes de redes sociales, correos, SMS. Entre otras.<\/p>\n<p>\u2022 Monitor de Ritmo cardiaco.<\/p>\n<p>\u2022 Monitor de presi\u00f3n sangu\u00ednea.<\/p>\n<p>\u2022 Monitor de ox\u00edgeno en la sangre.<\/p>\n<p>\u2022 Pod\u00f3metro.<\/p>\n<p>\u2022 Pantalla Dividida<\/p>\n<p>\u2022 Pantalla de bloqueo con contrase\u00f1a.<\/p>\n<p>\u2022 Multiplex Fondos de Pantalla (Watchface) personalizables.<\/p>\n<p>\u2022 Coloca cualquier foto de portada.<\/p>\n<p>\u2022 5 estilos de men\u00fa.<\/p>\n<p>\u2022 Sensor de movimiento.<\/p>\n<p>\u2022 Monitor de sue\u00f1o.<\/p>\n<p>\u2022 Recordatorio de sedentarismo.<\/p>\n<p>\u2022 Cron\u00f3metro.<\/p>\n<p>\u2022 Calculadora.<\/p>\n<p>\u2022 Calendario.<\/p>\n<p>\u2022 Multilenguaje.<\/p>\n<p>\u2022 Reporte de clima.<\/p>\n<p>\u2022 Control de reproducci\u00f3n de m\u00fasica.<\/p>\n<p>\u2022 Foto Remota.<\/p>\n<p>\u2022 Duraci\u00f3n de la bater\u00eda: alrededor 3 a 6 hrs seg\u00fan uso<\/p>\n<p>\u2022 Duraci\u00f3n bater\u00eda Modo Normal: 2 d\u00edas * sin conexi\u00f3n<\/p>\n<p>&nbsp;<\/p>\n","protected":false},"excerpt":{"rendered":"<p>Smartwatch serie 8 T500 ultra Tipo Apple Watch Bluetooth, Reloj Inteligente, 45mm, Nuevo dise\u00f1o 2023, Colors CARACTER\u00cdSTICAS DESTACADAS \u2022 Realiza y Recibe llamadas v\u00eda Bluetooth. \u2022 Mensajes de emergentes de redes sociales, correos, SMS. Entre otras. \u2022 Monitor de Ritmo cardiaco. \u2022 Monitor de presi\u00f3n sangu\u00ednea. \u2022 Monitor de ox\u00edgeno en la sangre. \u2022 Pod\u00f3metro. [&hellip;]<\/p>\n","protected":false},"featured_media":6495,"template":"","meta":{"ocean_post_layout":"","ocean_both_sidebars_style":"","ocean_both_sidebars_content_width":0,"ocean_both_sidebars_sidebars_width":0,"ocean_sidebar":"","ocean_second_sidebar":"","ocean_disable_margins":"enable","ocean_add_body_class":"","ocean_shortcode_before_top_bar":"","ocean_shortcode_after_top_bar":"","ocean_shortcode_before_header":"","ocean_shortcode_after_header":"","ocean_has_shortcode":"","ocean_shortcode_after_title":"","ocean_shortcode_before_footer_widgets":"","ocean_shortcode_after_footer_widgets":"","ocean_shortcode_before_footer_bottom":"","ocean_shortcode_after_footer_bottom":"","ocean_display_top_bar":"default","ocean_display_header":"default","ocean_header_style":"","ocean_center_header_left_menu":"","ocean_custom_header_template":"","ocean_custom_logo":0,"ocean_custom_retina_logo":0,"ocean_custom_logo_max_width":0,"ocean_custom_logo_tablet_max_width":0,"ocean_custom_logo_mobile_max_width":0,"ocean_custom_logo_max_height":0,"ocean_custom_logo_tablet_max_height":0,"ocean_custom_logo_mobile_max_height":0,"ocean_header_custom_menu":"","ocean_menu_typo_font_family":"","ocean_menu_typo_font_subset":"","ocean_menu_typo_font_size":0,"ocean_menu_typo_font_size_tablet":0,"ocean_menu_typo_font_size_mobile":0,"ocean_menu_typo_font_size_unit":"px","ocean_menu_typo_font_weight":"","ocean_menu_typo_font_weight_tablet":"","ocean_menu_typo_font_weight_mobile":"","ocean_menu_typo_transform":"","ocean_menu_typo_transform_tablet":"","ocean_menu_typo_transform_mobile":"","ocean_menu_typo_line_height":0,"ocean_menu_typo_line_height_tablet":0,"ocean_menu_typo_line_height_mobile":0,"ocean_menu_typo_line_height_unit":"","ocean_menu_typo_spacing":0,"ocean_menu_typo_spacing_tablet":0,"ocean_menu_typo_spacing_mobile":0,"ocean_menu_typo_spacing_unit":"","ocean_menu_link_color":"","ocean_menu_link_color_hover":"","ocean_menu_link_color_active":"","ocean_menu_link_background":"","ocean_menu_link_hover_background":"","ocean_menu_link_active_background":"","ocean_menu_social_links_bg":"","ocean_menu_social_hover_links_bg":"","ocean_menu_social_links_color":"","ocean_menu_social_hover_links_color":"","ocean_disable_title":"default","ocean_disable_heading":"default","ocean_post_title":"","ocean_post_subheading":"","ocean_post_title_style":"","ocean_post_title_background_color":"","ocean_post_title_background":0,"ocean_post_title_bg_image_position":"","ocean_post_title_bg_image_attachment":"","ocean_post_title_bg_image_repeat":"","ocean_post_title_bg_image_size":"","ocean_post_title_height":0,"ocean_post_title_bg_overlay":0.5,"ocean_post_title_bg_overlay_color":"","ocean_disable_breadcrumbs":"default","ocean_breadcrumbs_color":"","ocean_breadcrumbs_separator_color":"","ocean_breadcrumbs_links_color":"","ocean_breadcrumbs_links_hover_color":"","ocean_display_footer_widgets":"default","ocean_display_footer_bottom":"default","ocean_custom_footer_template":""},"product_cat":[21],"product_tag":[],"class_list":{"0":"post-6494","1":"product","2":"type-product","3":"status-publish","4":"has-post-thumbnail","5":"hentry","6":"product_cat-tecnologia","8":"entry","9":"has-media","10":"owp-thumbs-layout-horizontal","11":"owp-btn-normal","12":"owp-tabs-layout-horizontal","13":"has-no-thumbnails","14":"has-product-nav"},"jetpack_sharing_enabled":true,"_links":{"self":[{"href":"https:\/\/tienda.mascotascolombia.org\/index.php\/wp-json\/wp\/v2\/product\/6494","targetHints":{"allow":["GET"]}}],"collection":[{"href":"https:\/\/tienda.mascotascolombia.org\/index.php\/wp-json\/wp\/v2\/product"}],"about":[{"href":"https:\/\/tienda.mascotascolombia.org\/index.php\/wp-json\/wp\/v2\/types\/product"}],"wp:featuredmedia":[{"embeddable":true,"href":"https:\/\/tienda.mascotascolombia.org\/index.php\/wp-json\/wp\/v2\/media\/6495"}],"wp:attachment":[{"href":"https:\/\/tienda.mascotascolombia.org\/index.php\/wp-json\/wp\/v2\/media?parent=6494"}],"wp:term":[{"taxonomy":"product_cat","embeddable":true,"href":"https:\/\/tienda.mascotascolombia.org\/index.php\/wp-json\/wp\/v2\/product_cat?post=6494"},{"taxonomy":"product_tag","embeddable":true,"href":"https:\/\/tienda.mascotascolombia.org\/index.php\/wp-json\/wp\/v2\/product_tag?post=6494"}],"curies":[{"name":"wp","href":"https:\/\/api.w.org\/{rel}","templated":true}]}}