{"id":6408,"date":"2023-09-20T16:42:29","date_gmt":"2023-09-20T14:42:29","guid":{"rendered":"https:\/\/tienda.mascotascolombia.org\/index.php\/producto\/powerbank-portatil\/"},"modified":"2023-09-20T16:47:08","modified_gmt":"2023-09-20T14:47:08","slug":"powerbank-portatil","status":"publish","type":"product","link":"https:\/\/tienda.mascotascolombia.org\/index.php\/producto\/powerbank-portatil\/","title":{"rendered":"POWERBANK PORTATIL"},"content":{"rendered":"<p>Banco de energ\u00eda de respaldo de 5V 1500mah Mini cargador de llavero impermeable enchufe retr\u00e1ctil ultraligero con luz indicadora accesorios para exteriores<\/p>\n<p><strong>Caracter\u00edstica:<\/strong><\/p>\n<p><strong>1. Cargador port\u00e1til:<\/strong>Ideal para aumentar la potencia y extender la vida \u00fatil de su tableta, tel\u00e9fono m\u00f3vil, altavoz inal\u00e1mbrico, lector electr\u00f3nico u otros dispositivos USB est\u00e1ndar, proporciona bater\u00eda interna de 1500mAh y potencia de salida compartida para m\u00e1s bater\u00eda adicional.<\/p>\n<p><strong>2. Superficie de goma impermeable:<\/strong>Dise\u00f1ado para soportar las condiciones exteriores m\u00e1s extremas, impermeable, a prueba de ca\u00eddas y a prueba de polvo, adecuado para camping, senderismo o monta\u00f1ismo o simplemente salir. Dise\u00f1o compacto, se puede llevar f\u00e1cilmente a diferentes lugares para su uso.<\/p>\n<p><strong>3. Mosquet\u00f3n integrado:<\/strong>La capacidad de sujetar el clip mosquet\u00f3n incluido a una mochila, cintur\u00f3n, arn\u00e9s o cualquier bucle de Seguridad mantiene su potencia al alcance del brazo. Se puede llevar en un bolsillo, bolso o bolso.<\/p>\n<p><strong>4. Suspensi\u00f3n del cargo:<\/strong>Un gran compa\u00f1ero de aventura que cabe f\u00e1cilmente en una bolsa, bolso o mochila por lo que la potencia conveniente siempre est\u00e1 al alcance con la carga de paso.<\/p>\n<p><strong>5. Dise\u00f1o peque\u00f1o y compacto:<\/strong>Adecuado para iPhone 12 12 Pro\/Max 12 Mini 11 11 Pro\/Max XRs XS\/Max X 8 7 6S 6S 5 SE, para iPad\/,<\/p>\n","protected":false},"excerpt":{"rendered":"<p>Banco de energ\u00eda de respaldo de 5V 1500mah Mini cargador de llavero impermeable enchufe retr\u00e1ctil ultraligero con luz indicadora accesorios para exteriores Caracter\u00edstica: 1. Cargador port\u00e1til:Ideal para aumentar la potencia y extender la vida \u00fatil de su tableta, tel\u00e9fono m\u00f3vil, altavoz inal\u00e1mbrico, lector electr\u00f3nico u otros dispositivos USB est\u00e1ndar, proporciona bater\u00eda interna de 1500mAh y [&hellip;]<\/p>\n","protected":false},"featured_media":6409,"template":"","meta":{"ocean_post_layout":"","ocean_both_sidebars_style":"","ocean_both_sidebars_content_width":0,"ocean_both_sidebars_sidebars_width":0,"ocean_sidebar":"","ocean_second_sidebar":"","ocean_disable_margins":"enable","ocean_add_body_class":"","ocean_shortcode_before_top_bar":"","ocean_shortcode_after_top_bar":"","ocean_shortcode_before_header":"","ocean_shortcode_after_header":"","ocean_has_shortcode":"","ocean_shortcode_after_title":"","ocean_shortcode_before_footer_widgets":"","ocean_shortcode_after_footer_widgets":"","ocean_shortcode_before_footer_bottom":"","ocean_shortcode_after_footer_bottom":"","ocean_display_top_bar":"default","ocean_display_header":"default","ocean_header_style":"","ocean_center_header_left_menu":"","ocean_custom_header_template":"","ocean_custom_logo":0,"ocean_custom_retina_logo":0,"ocean_custom_logo_max_width":0,"ocean_custom_logo_tablet_max_width":0,"ocean_custom_logo_mobile_max_width":0,"ocean_custom_logo_max_height":0,"ocean_custom_logo_tablet_max_height":0,"ocean_custom_logo_mobile_max_height":0,"ocean_header_custom_menu":"","ocean_menu_typo_font_family":"","ocean_menu_typo_font_subset":"","ocean_menu_typo_font_size":0,"ocean_menu_typo_font_size_tablet":0,"ocean_menu_typo_font_size_mobile":0,"ocean_menu_typo_font_size_unit":"px","ocean_menu_typo_font_weight":"","ocean_menu_typo_font_weight_tablet":"","ocean_menu_typo_font_weight_mobile":"","ocean_menu_typo_transform":"","ocean_menu_typo_transform_tablet":"","ocean_menu_typo_transform_mobile":"","ocean_menu_typo_line_height":0,"ocean_menu_typo_line_height_tablet":0,"ocean_menu_typo_line_height_mobile":0,"ocean_menu_typo_line_height_unit":"","ocean_menu_typo_spacing":0,"ocean_menu_typo_spacing_tablet":0,"ocean_menu_typo_spacing_mobile":0,"ocean_menu_typo_spacing_unit":"","ocean_menu_link_color":"","ocean_menu_link_color_hover":"","ocean_menu_link_color_active":"","ocean_menu_link_background":"","ocean_menu_link_hover_background":"","ocean_menu_link_active_background":"","ocean_menu_social_links_bg":"","ocean_menu_social_hover_links_bg":"","ocean_menu_social_links_color":"","ocean_menu_social_hover_links_color":"","ocean_disable_title":"default","ocean_disable_heading":"default","ocean_post_title":"","ocean_post_subheading":"","ocean_post_title_style":"","ocean_post_title_background_color":"","ocean_post_title_background":0,"ocean_post_title_bg_image_position":"","ocean_post_title_bg_image_attachment":"","ocean_post_title_bg_image_repeat":"","ocean_post_title_bg_image_size":"","ocean_post_title_height":0,"ocean_post_title_bg_overlay":0.5,"ocean_post_title_bg_overlay_color":"","ocean_disable_breadcrumbs":"default","ocean_breadcrumbs_color":"","ocean_breadcrumbs_separator_color":"","ocean_breadcrumbs_links_color":"","ocean_breadcrumbs_links_hover_color":"","ocean_display_footer_widgets":"default","ocean_display_footer_bottom":"default","ocean_custom_footer_template":""},"product_cat":[21],"product_tag":[],"class_list":{"0":"post-6408","1":"product","2":"type-product","3":"status-publish","4":"has-post-thumbnail","5":"hentry","6":"product_cat-tecnologia","8":"entry","9":"has-media","10":"owp-thumbs-layout-horizontal","11":"owp-btn-normal","12":"owp-tabs-layout-horizontal","13":"has-no-thumbnails","14":"has-product-nav"},"jetpack_sharing_enabled":true,"_links":{"self":[{"href":"https:\/\/tienda.mascotascolombia.org\/index.php\/wp-json\/wp\/v2\/product\/6408","targetHints":{"allow":["GET"]}}],"collection":[{"href":"https:\/\/tienda.mascotascolombia.org\/index.php\/wp-json\/wp\/v2\/product"}],"about":[{"href":"https:\/\/tienda.mascotascolombia.org\/index.php\/wp-json\/wp\/v2\/types\/product"}],"wp:featuredmedia":[{"embeddable":true,"href":"https:\/\/tienda.mascotascolombia.org\/index.php\/wp-json\/wp\/v2\/media\/6409"}],"wp:attachment":[{"href":"https:\/\/tienda.mascotascolombia.org\/index.php\/wp-json\/wp\/v2\/media?parent=6408"}],"wp:term":[{"taxonomy":"product_cat","embeddable":true,"href":"https:\/\/tienda.mascotascolombia.org\/index.php\/wp-json\/wp\/v2\/product_cat?post=6408"},{"taxonomy":"product_tag","embeddable":true,"href":"https:\/\/tienda.mascotascolombia.org\/index.php\/wp-json\/wp\/v2\/product_tag?post=6408"}],"curies":[{"name":"wp","href":"https:\/\/api.w.org\/{rel}","templated":true}]}}