{"id":6188,"date":"2023-09-20T16:32:02","date_gmt":"2023-09-20T14:32:02","guid":{"rendered":"https:\/\/tienda.mascotascolombia.org\/index.php\/producto\/enrollador-iman-organizador-cables-x2\/"},"modified":"2023-09-20T16:47:13","modified_gmt":"2023-09-20T14:47:13","slug":"enrollador-iman-organizador-cables-x2","status":"publish","type":"product","link":"https:\/\/tienda.mascotascolombia.org\/index.php\/producto\/enrollador-iman-organizador-cables-x2\/","title":{"rendered":"Enrollador Im\u00e1n Organizador Cables X2"},"content":{"rendered":"<p>\u00bfDesordenados tus cables? Con este organizador enrollable podr\u00e1s darle un orden de una manera muy atractiva, enrolla los cables de tu cargador, aud\u00edfonos, computador y dem\u00e1s sin tener que hacer un lio, simplemente juntando dos imanes dar\u00e1s un orden a tu espacio de una manera muy f\u00e1cil y pr\u00e1ctica.<\/p>\n<p><strong>CARACTER\u00cdSTICAS:<\/strong><\/p>\n<ul>\n<li>Ideal para uso en el hogar o en la oficina en cualquier momento.<\/li>\n<li>Ayuda a ordenar los cables de TV, DVD, PC.<\/li>\n<li>No m\u00e1s cables en desorden&nbsp;en el suelo.<\/li>\n<li>Dise\u00f1o compacto y ligero, f\u00e1cil de llevar.<\/li>\n<li>Bueno para el cable de estilo corto como la l\u00ednea de tapones para los o\u00eddos, la l\u00ednea de enchufe ipod y las llaves.<\/li>\n<\/ul>\n<p><strong>ESPECIFICACIONES:<\/strong><\/p>\n<ul>\n<li>Color:&nbsp;aleatorio<\/li>\n<li>Material: silicona<\/li>\n<li>Tama\u00f1o: 19cm<\/li>\n<li>Dise\u00f1o compacto y ligero, f\u00e1cil de llevar<\/li>\n<li>Peso: 5g.<\/li>\n<\/ul>\n<p><strong>INCLUYE:&nbsp;<\/strong><\/p>\n<ul>\n<li>2&nbsp; Enrolladores de cable&nbsp;multifunci\u00f3n.<\/li>\n<\/ul>\n<h4><strong>GARANT\u00cdA:<\/strong><\/h4>\n<ul>\n<li><strong>3 meses (por defectos de f\u00e1brica o funcionamiento).<\/strong><\/li>\n<\/ul>\n","protected":false},"excerpt":{"rendered":"<p>\u00bfDesordenados tus cables? Con este organizador enrollable podr\u00e1s darle un orden de una manera muy atractiva, enrolla los cables de tu cargador, aud\u00edfonos, computador y dem\u00e1s sin tener que hacer un lio, simplemente juntando dos imanes dar\u00e1s un orden a tu espacio de una manera muy f\u00e1cil y pr\u00e1ctica. CARACTER\u00cdSTICAS: Ideal para uso en el [&hellip;]<\/p>\n","protected":false},"featured_media":6189,"template":"","meta":{"ocean_post_layout":"","ocean_both_sidebars_style":"","ocean_both_sidebars_content_width":0,"ocean_both_sidebars_sidebars_width":0,"ocean_sidebar":"","ocean_second_sidebar":"","ocean_disable_margins":"enable","ocean_add_body_class":"","ocean_shortcode_before_top_bar":"","ocean_shortcode_after_top_bar":"","ocean_shortcode_before_header":"","ocean_shortcode_after_header":"","ocean_has_shortcode":"","ocean_shortcode_after_title":"","ocean_shortcode_before_footer_widgets":"","ocean_shortcode_after_footer_widgets":"","ocean_shortcode_before_footer_bottom":"","ocean_shortcode_after_footer_bottom":"","ocean_display_top_bar":"default","ocean_display_header":"default","ocean_header_style":"","ocean_center_header_left_menu":"","ocean_custom_header_template":"","ocean_custom_logo":0,"ocean_custom_retina_logo":0,"ocean_custom_logo_max_width":0,"ocean_custom_logo_tablet_max_width":0,"ocean_custom_logo_mobile_max_width":0,"ocean_custom_logo_max_height":0,"ocean_custom_logo_tablet_max_height":0,"ocean_custom_logo_mobile_max_height":0,"ocean_header_custom_menu":"","ocean_menu_typo_font_family":"","ocean_menu_typo_font_subset":"","ocean_menu_typo_font_size":0,"ocean_menu_typo_font_size_tablet":0,"ocean_menu_typo_font_size_mobile":0,"ocean_menu_typo_font_size_unit":"px","ocean_menu_typo_font_weight":"","ocean_menu_typo_font_weight_tablet":"","ocean_menu_typo_font_weight_mobile":"","ocean_menu_typo_transform":"","ocean_menu_typo_transform_tablet":"","ocean_menu_typo_transform_mobile":"","ocean_menu_typo_line_height":0,"ocean_menu_typo_line_height_tablet":0,"ocean_menu_typo_line_height_mobile":0,"ocean_menu_typo_line_height_unit":"","ocean_menu_typo_spacing":0,"ocean_menu_typo_spacing_tablet":0,"ocean_menu_typo_spacing_mobile":0,"ocean_menu_typo_spacing_unit":"","ocean_menu_link_color":"","ocean_menu_link_color_hover":"","ocean_menu_link_color_active":"","ocean_menu_link_background":"","ocean_menu_link_hover_background":"","ocean_menu_link_active_background":"","ocean_menu_social_links_bg":"","ocean_menu_social_hover_links_bg":"","ocean_menu_social_links_color":"","ocean_menu_social_hover_links_color":"","ocean_disable_title":"default","ocean_disable_heading":"default","ocean_post_title":"","ocean_post_subheading":"","ocean_post_title_style":"","ocean_post_title_background_color":"","ocean_post_title_background":0,"ocean_post_title_bg_image_position":"","ocean_post_title_bg_image_attachment":"","ocean_post_title_bg_image_repeat":"","ocean_post_title_bg_image_size":"","ocean_post_title_height":0,"ocean_post_title_bg_overlay":0.5,"ocean_post_title_bg_overlay_color":"","ocean_disable_breadcrumbs":"default","ocean_breadcrumbs_color":"","ocean_breadcrumbs_separator_color":"","ocean_breadcrumbs_links_color":"","ocean_breadcrumbs_links_hover_color":"","ocean_display_footer_widgets":"default","ocean_display_footer_bottom":"default","ocean_custom_footer_template":""},"product_cat":[21],"product_tag":[],"class_list":{"0":"post-6188","1":"product","2":"type-product","3":"status-publish","4":"has-post-thumbnail","5":"hentry","6":"product_cat-tecnologia","8":"entry","9":"has-media","10":"owp-thumbs-layout-horizontal","11":"owp-btn-normal","12":"owp-tabs-layout-horizontal","13":"has-no-thumbnails","14":"has-product-nav"},"jetpack_sharing_enabled":true,"_links":{"self":[{"href":"https:\/\/tienda.mascotascolombia.org\/index.php\/wp-json\/wp\/v2\/product\/6188","targetHints":{"allow":["GET"]}}],"collection":[{"href":"https:\/\/tienda.mascotascolombia.org\/index.php\/wp-json\/wp\/v2\/product"}],"about":[{"href":"https:\/\/tienda.mascotascolombia.org\/index.php\/wp-json\/wp\/v2\/types\/product"}],"wp:featuredmedia":[{"embeddable":true,"href":"https:\/\/tienda.mascotascolombia.org\/index.php\/wp-json\/wp\/v2\/media\/6189"}],"wp:attachment":[{"href":"https:\/\/tienda.mascotascolombia.org\/index.php\/wp-json\/wp\/v2\/media?parent=6188"}],"wp:term":[{"taxonomy":"product_cat","embeddable":true,"href":"https:\/\/tienda.mascotascolombia.org\/index.php\/wp-json\/wp\/v2\/product_cat?post=6188"},{"taxonomy":"product_tag","embeddable":true,"href":"https:\/\/tienda.mascotascolombia.org\/index.php\/wp-json\/wp\/v2\/product_tag?post=6188"}],"curies":[{"name":"wp","href":"https:\/\/api.w.org\/{rel}","templated":true}]}}