{"id":6121,"date":"2023-09-20T16:28:18","date_gmt":"2023-09-20T14:28:18","guid":{"rendered":"https:\/\/tienda.mascotascolombia.org\/index.php\/producto\/kit-de-limpieza-para-pc-teclado-airpods\/"},"modified":"2023-09-20T16:47:14","modified_gmt":"2023-09-20T14:47:14","slug":"kit-de-limpieza-para-pc-teclado-airpods","status":"publish","type":"product","link":"https:\/\/tienda.mascotascolombia.org\/index.php\/producto\/kit-de-limpieza-para-pc-teclado-airpods\/","title":{"rendered":"Kit de Limpieza para PC Teclado Airpods"},"content":{"rendered":"<p>\u00bfLimpias tu teclado golpe\u00e1ndolo contra otra superficie para que la suciedad salga?<\/p>\n<p>Basta de maromas y miles de inventos para limpiar la mugre de tu teclado. Gracias a este completo kit de limpieza podr\u00e1s remover las teclas de tu teclado de forma f\u00e1cil y r\u00e1pida y optimizar&nbsp;la limpieza del mismo.<br \/>&nbsp;<\/p>\n<p>Gran producto para limpiar tus aud\u00edfonos y airpods completamente, inclusive llegando a lugares de dif\u00edcil acceso.<\/p>\n<h4>CARACTER\u00cdSTICAS:<\/h4>\n<ul>\n<li>Juego de limpieza multifuncional.<\/li>\n<li>Con el anillo, podr\u00e1s retirar las teclas para una limpieza profunda (Solo aplica para teclados mec\u00e1nicos).<\/li>\n<li>La esponja interna, puede limpiar el polvo en la caja de carga inal\u00e1mbrica de los auriculares.<\/li>\n<li>El mini cepillo de alta densidad puede limpiar la suciedad en la salida de sonido de los auriculares.<\/li>\n<li>La punta de metal puede limpiar el polvo rebelde que se aloja en el interior de los auriculares.<\/li>\n<li>Utilice el cepillo de nailon con suavidad y dureza moderadas para llegar a esas zonas de dif\u00edcil acceso.<\/li>\n<li>\u00c1mbito de aplicaci\u00f3n auricular, auriculares, tel\u00e9fonos m\u00f3viles, ordenadores, tabletas, c\u00e1maras y otros productos digitales compatibles con Bluetooth.<\/li>\n<\/ul>\n<h4>ESPECIFICACIONES:<\/h4>\n<ul>\n<li>Material ABS + Metal.<\/li>\n<li>Dimensiones: 15cm (alto) x 2,5cm (ancho) x 8cm (largo).<\/li>\n<\/ul>\n<p>Peso: 35g.<\/p>\n<h4>INCLUYE:<\/h4>\n<ul>\n<li>1 Cepillo de Limpieza para Teclado y Aud\u00edfonos 5 en 1.<\/li>\n<\/ul>\n<h4><strong>GARANT\u00cdA:<\/strong><\/h4>\n<ul>\n<li><strong>3 meses (por defectos de f\u00e1brica o funcionamiento).<\/strong><\/li>\n<\/ul>\n","protected":false},"excerpt":{"rendered":"<p>\u00bfLimpias tu teclado golpe\u00e1ndolo contra otra superficie para que la suciedad salga? Basta de maromas y miles de inventos para limpiar la mugre de tu teclado. Gracias a este completo kit de limpieza podr\u00e1s remover las teclas de tu teclado de forma f\u00e1cil y r\u00e1pida y optimizar&nbsp;la limpieza del mismo.&nbsp; Gran producto para limpiar tus [&hellip;]<\/p>\n","protected":false},"featured_media":6122,"template":"","meta":{"ocean_post_layout":"","ocean_both_sidebars_style":"","ocean_both_sidebars_content_width":0,"ocean_both_sidebars_sidebars_width":0,"ocean_sidebar":"","ocean_second_sidebar":"","ocean_disable_margins":"enable","ocean_add_body_class":"","ocean_shortcode_before_top_bar":"","ocean_shortcode_after_top_bar":"","ocean_shortcode_before_header":"","ocean_shortcode_after_header":"","ocean_has_shortcode":"","ocean_shortcode_after_title":"","ocean_shortcode_before_footer_widgets":"","ocean_shortcode_after_footer_widgets":"","ocean_shortcode_before_footer_bottom":"","ocean_shortcode_after_footer_bottom":"","ocean_display_top_bar":"default","ocean_display_header":"default","ocean_header_style":"","ocean_center_header_left_menu":"","ocean_custom_header_template":"","ocean_custom_logo":0,"ocean_custom_retina_logo":0,"ocean_custom_logo_max_width":0,"ocean_custom_logo_tablet_max_width":0,"ocean_custom_logo_mobile_max_width":0,"ocean_custom_logo_max_height":0,"ocean_custom_logo_tablet_max_height":0,"ocean_custom_logo_mobile_max_height":0,"ocean_header_custom_menu":"","ocean_menu_typo_font_family":"","ocean_menu_typo_font_subset":"","ocean_menu_typo_font_size":0,"ocean_menu_typo_font_size_tablet":0,"ocean_menu_typo_font_size_mobile":0,"ocean_menu_typo_font_size_unit":"px","ocean_menu_typo_font_weight":"","ocean_menu_typo_font_weight_tablet":"","ocean_menu_typo_font_weight_mobile":"","ocean_menu_typo_transform":"","ocean_menu_typo_transform_tablet":"","ocean_menu_typo_transform_mobile":"","ocean_menu_typo_line_height":0,"ocean_menu_typo_line_height_tablet":0,"ocean_menu_typo_line_height_mobile":0,"ocean_menu_typo_line_height_unit":"","ocean_menu_typo_spacing":0,"ocean_menu_typo_spacing_tablet":0,"ocean_menu_typo_spacing_mobile":0,"ocean_menu_typo_spacing_unit":"","ocean_menu_link_color":"","ocean_menu_link_color_hover":"","ocean_menu_link_color_active":"","ocean_menu_link_background":"","ocean_menu_link_hover_background":"","ocean_menu_link_active_background":"","ocean_menu_social_links_bg":"","ocean_menu_social_hover_links_bg":"","ocean_menu_social_links_color":"","ocean_menu_social_hover_links_color":"","ocean_disable_title":"default","ocean_disable_heading":"default","ocean_post_title":"","ocean_post_subheading":"","ocean_post_title_style":"","ocean_post_title_background_color":"","ocean_post_title_background":0,"ocean_post_title_bg_image_position":"","ocean_post_title_bg_image_attachment":"","ocean_post_title_bg_image_repeat":"","ocean_post_title_bg_image_size":"","ocean_post_title_height":0,"ocean_post_title_bg_overlay":0.5,"ocean_post_title_bg_overlay_color":"","ocean_disable_breadcrumbs":"default","ocean_breadcrumbs_color":"","ocean_breadcrumbs_separator_color":"","ocean_breadcrumbs_links_color":"","ocean_breadcrumbs_links_hover_color":"","ocean_display_footer_widgets":"default","ocean_display_footer_bottom":"default","ocean_custom_footer_template":""},"product_cat":[21],"product_tag":[],"class_list":{"0":"post-6121","1":"product","2":"type-product","3":"status-publish","4":"has-post-thumbnail","5":"hentry","6":"product_cat-tecnologia","8":"entry","9":"has-media","10":"owp-thumbs-layout-horizontal","11":"owp-btn-normal","12":"owp-tabs-layout-horizontal","13":"has-no-thumbnails","14":"has-product-nav"},"jetpack_sharing_enabled":true,"_links":{"self":[{"href":"https:\/\/tienda.mascotascolombia.org\/index.php\/wp-json\/wp\/v2\/product\/6121","targetHints":{"allow":["GET"]}}],"collection":[{"href":"https:\/\/tienda.mascotascolombia.org\/index.php\/wp-json\/wp\/v2\/product"}],"about":[{"href":"https:\/\/tienda.mascotascolombia.org\/index.php\/wp-json\/wp\/v2\/types\/product"}],"wp:featuredmedia":[{"embeddable":true,"href":"https:\/\/tienda.mascotascolombia.org\/index.php\/wp-json\/wp\/v2\/media\/6122"}],"wp:attachment":[{"href":"https:\/\/tienda.mascotascolombia.org\/index.php\/wp-json\/wp\/v2\/media?parent=6121"}],"wp:term":[{"taxonomy":"product_cat","embeddable":true,"href":"https:\/\/tienda.mascotascolombia.org\/index.php\/wp-json\/wp\/v2\/product_cat?post=6121"},{"taxonomy":"product_tag","embeddable":true,"href":"https:\/\/tienda.mascotascolombia.org\/index.php\/wp-json\/wp\/v2\/product_tag?post=6121"}],"curies":[{"name":"wp","href":"https:\/\/api.w.org\/{rel}","templated":true}]}}