{"id":6038,"date":"2023-09-20T16:25:52","date_gmt":"2023-09-20T14:25:52","guid":{"rendered":"https:\/\/tienda.mascotascolombia.org\/index.php\/producto\/cargador-usb-para-carro-retractil-3-en-1\/"},"modified":"2023-09-20T16:48:51","modified_gmt":"2023-09-20T14:48:51","slug":"cargador-usb-para-carro-retractil-3-en-1","status":"publish","type":"product","link":"https:\/\/tienda.mascotascolombia.org\/index.php\/producto\/cargador-usb-para-carro-retractil-3-en-1\/","title":{"rendered":"Cargador USB para Carro Retr\u00e1ctil 3 en 1"},"content":{"rendered":"<p>\u00bfPasas con tu celular descargado mientras conduces tu coche?<\/p>\n<p>Ahora podr\u00e1s cargar tranquilamente&nbsp;cualquier tipo de celular&nbsp;ya sea el tuyo o tu acompa\u00f1ante. Ninguno de los pasajeros tendr\u00e1n inconvenientes para cargar completamente su celular.&nbsp;<\/p>\n<p>Lo mejor de todo, es que si cuentas con poco tiempo, puedes conectar el&nbsp;dispositivo a cargar en el puerto USB de carga r\u00e1pida y recibir\u00e1 energ\u00eda a 40W.<\/p>\n<h4>CARACTER\u00cdSTICAS:<\/h4>\n<ul>\n<li>Cabezales de carga para Android, Micro USB, Tipo C y Lightning (Iphone).<\/li>\n<li>La mejor tecnolog\u00eda de carga.<\/li>\n<li>Cargador USB para autom\u00f3vil con 1 puerto USB y 2 cables retr\u00e1ctiles de 80cm.<\/li>\n<li>2 estaciones de carga, ideal para distribuir la energ\u00eda entre los ocupantes delanteros y traseros del veh\u00edculo.<\/li>\n<li>Tecnolog\u00eda exclusiva que protege sus dispositivos de carga excesiva, voltaje excesivo, sobretensi\u00f3n y cortocircuito.<\/li>\n<li>El circuito inteligente detecta autom\u00e1ticamente sus dispositivos y ofrece la velocidad de carga m\u00e1s \u00f3ptima.<\/li>\n<li>Tres interfaces capaces de albergar dos dispositivos con diferentes interfaces al mismo tiempo, cada uno de los cuales admite carga r\u00e1pida.<\/li>\n<\/ul>\n<h4>ESPECIFICACIONES:&nbsp;<\/h4>\n<ul>\n<li>Puerto USB: 1.<\/li>\n<li>Longitud de cada cable: 80cm.<\/li>\n<li>Potencia nominal: 60W.<\/li>\n<li>Entrada: DC 12-24V.<\/li>\n<li>Salida: DC 5V5.1A.<\/li>\n<\/ul>\n<h4>INCLUYE:<\/h4>\n<ul>\n<li>1 Cargador USB dual para carro retr\u00e1ctil plegable 3 en 1 de carga r\u00e1pida 40W.<\/li>\n<\/ul>\n<h4><strong>GARANT\u00cdA:<\/strong><\/h4>\n<ul>\n<li><strong>3 meses (por defectos de f\u00e1brica o funcionamiento).<\/strong><\/li>\n<\/ul>\n","protected":false},"excerpt":{"rendered":"<p>\u00bfPasas con tu celular descargado mientras conduces tu coche? Ahora podr\u00e1s cargar tranquilamente&nbsp;cualquier tipo de celular&nbsp;ya sea el tuyo o tu acompa\u00f1ante. Ninguno de los pasajeros tendr\u00e1n inconvenientes para cargar completamente su celular.&nbsp; Lo mejor de todo, es que si cuentas con poco tiempo, puedes conectar el&nbsp;dispositivo a cargar en el puerto USB de carga [&hellip;]<\/p>\n","protected":false},"featured_media":6039,"template":"","meta":{"ocean_post_layout":"","ocean_both_sidebars_style":"","ocean_both_sidebars_content_width":0,"ocean_both_sidebars_sidebars_width":0,"ocean_sidebar":"","ocean_second_sidebar":"","ocean_disable_margins":"enable","ocean_add_body_class":"","ocean_shortcode_before_top_bar":"","ocean_shortcode_after_top_bar":"","ocean_shortcode_before_header":"","ocean_shortcode_after_header":"","ocean_has_shortcode":"","ocean_shortcode_after_title":"","ocean_shortcode_before_footer_widgets":"","ocean_shortcode_after_footer_widgets":"","ocean_shortcode_before_footer_bottom":"","ocean_shortcode_after_footer_bottom":"","ocean_display_top_bar":"default","ocean_display_header":"default","ocean_header_style":"","ocean_center_header_left_menu":"","ocean_custom_header_template":"","ocean_custom_logo":0,"ocean_custom_retina_logo":0,"ocean_custom_logo_max_width":0,"ocean_custom_logo_tablet_max_width":0,"ocean_custom_logo_mobile_max_width":0,"ocean_custom_logo_max_height":0,"ocean_custom_logo_tablet_max_height":0,"ocean_custom_logo_mobile_max_height":0,"ocean_header_custom_menu":"","ocean_menu_typo_font_family":"","ocean_menu_typo_font_subset":"","ocean_menu_typo_font_size":0,"ocean_menu_typo_font_size_tablet":0,"ocean_menu_typo_font_size_mobile":0,"ocean_menu_typo_font_size_unit":"px","ocean_menu_typo_font_weight":"","ocean_menu_typo_font_weight_tablet":"","ocean_menu_typo_font_weight_mobile":"","ocean_menu_typo_transform":"","ocean_menu_typo_transform_tablet":"","ocean_menu_typo_transform_mobile":"","ocean_menu_typo_line_height":0,"ocean_menu_typo_line_height_tablet":0,"ocean_menu_typo_line_height_mobile":0,"ocean_menu_typo_line_height_unit":"","ocean_menu_typo_spacing":0,"ocean_menu_typo_spacing_tablet":0,"ocean_menu_typo_spacing_mobile":0,"ocean_menu_typo_spacing_unit":"","ocean_menu_link_color":"","ocean_menu_link_color_hover":"","ocean_menu_link_color_active":"","ocean_menu_link_background":"","ocean_menu_link_hover_background":"","ocean_menu_link_active_background":"","ocean_menu_social_links_bg":"","ocean_menu_social_hover_links_bg":"","ocean_menu_social_links_color":"","ocean_menu_social_hover_links_color":"","ocean_disable_title":"default","ocean_disable_heading":"default","ocean_post_title":"","ocean_post_subheading":"","ocean_post_title_style":"","ocean_post_title_background_color":"","ocean_post_title_background":0,"ocean_post_title_bg_image_position":"","ocean_post_title_bg_image_attachment":"","ocean_post_title_bg_image_repeat":"","ocean_post_title_bg_image_size":"","ocean_post_title_height":0,"ocean_post_title_bg_overlay":0.5,"ocean_post_title_bg_overlay_color":"","ocean_disable_breadcrumbs":"default","ocean_breadcrumbs_color":"","ocean_breadcrumbs_separator_color":"","ocean_breadcrumbs_links_color":"","ocean_breadcrumbs_links_hover_color":"","ocean_display_footer_widgets":"default","ocean_display_footer_bottom":"default","ocean_custom_footer_template":""},"product_cat":[21],"product_tag":[],"class_list":{"0":"post-6038","1":"product","2":"type-product","3":"status-publish","4":"has-post-thumbnail","5":"hentry","6":"product_cat-tecnologia","8":"entry","9":"has-media","10":"owp-thumbs-layout-horizontal","11":"owp-btn-normal","12":"owp-tabs-layout-horizontal","13":"has-no-thumbnails","14":"has-product-nav"},"jetpack_sharing_enabled":true,"_links":{"self":[{"href":"https:\/\/tienda.mascotascolombia.org\/index.php\/wp-json\/wp\/v2\/product\/6038","targetHints":{"allow":["GET"]}}],"collection":[{"href":"https:\/\/tienda.mascotascolombia.org\/index.php\/wp-json\/wp\/v2\/product"}],"about":[{"href":"https:\/\/tienda.mascotascolombia.org\/index.php\/wp-json\/wp\/v2\/types\/product"}],"wp:featuredmedia":[{"embeddable":true,"href":"https:\/\/tienda.mascotascolombia.org\/index.php\/wp-json\/wp\/v2\/media\/6039"}],"wp:attachment":[{"href":"https:\/\/tienda.mascotascolombia.org\/index.php\/wp-json\/wp\/v2\/media?parent=6038"}],"wp:term":[{"taxonomy":"product_cat","embeddable":true,"href":"https:\/\/tienda.mascotascolombia.org\/index.php\/wp-json\/wp\/v2\/product_cat?post=6038"},{"taxonomy":"product_tag","embeddable":true,"href":"https:\/\/tienda.mascotascolombia.org\/index.php\/wp-json\/wp\/v2\/product_tag?post=6038"}],"curies":[{"name":"wp","href":"https:\/\/api.w.org\/{rel}","templated":true}]}}