{"id":5778,"date":"2023-09-16T01:00:57","date_gmt":"2023-09-15T23:00:57","guid":{"rendered":"https:\/\/tienda.mascotascolombia.org\/index.php\/producto\/reloj-smartwatch-t500-negro-rosado-o-bl\/"},"modified":"2023-09-20T16:48:53","modified_gmt":"2023-09-20T14:48:53","slug":"reloj-smartwatch-t500-negro-rosado-o-bl","status":"publish","type":"product","link":"https:\/\/tienda.mascotascolombia.org\/index.php\/producto\/reloj-smartwatch-t500-negro-rosado-o-bl\/","title":{"rendered":"Reloj Smartwatch T500 Negro, rosado o bl"},"content":{"rendered":"<p>T500 Smartwatch Monitor de frecuencia card\u00edaca Whatsapp mensaje recordatorio actividad deportiva Tacker mujeres Smart Watch IOS para Android hombres &nbsp;Descripci\u00f3n: &nbsp;Env\u00edo en 24 horas 2020 Top Series T500 Smartwatch mujeres Top reloj inteligente Monitor de frecuencia card\u00edaca Whatsapp mensaje recordatorio actividad deportiva Tacker para IOS Android VS T5 &nbsp;Especificaci\u00f3n: Chip principal: MT2502D Memoria: 64M 128M Pantalla: pantalla a color verdadera IPS Tama\u00f1o de la pantalla: 1,54 pulgadas Resoluci\u00f3n: 240&#215;240 Ritmo card\u00edaco din\u00e1mico: curva de ritmo card\u00edaco Temperatura ambiente: 10-50 \u00b0 C Carga: carga magn\u00e9tica Bluetooth: Bluetooth LE 4.2 Bater\u00eda: 230 mAh Sistema andiord: soporte Android 5.0 y superior Sistema ios: Apple IOS9.0 o superior Impermeable: IP67 C\u00e1mara remota: Shake Selecci\u00f3n de dial: m\u00faltiples opciones de marcaci\u00f3n<\/p>\n","protected":false},"excerpt":{"rendered":"<p>T500 Smartwatch Monitor de frecuencia card\u00edaca Whatsapp mensaje recordatorio actividad deportiva Tacker mujeres Smart Watch IOS para Android hombres &nbsp;Descripci\u00f3n: &nbsp;Env\u00edo en 24 horas 2020 Top Series T500 Smartwatch mujeres Top reloj inteligente Monitor de frecuencia card\u00edaca Whatsapp mensaje recordatorio actividad deportiva Tacker para IOS Android VS T5 &nbsp;Especificaci\u00f3n: Chip principal: MT2502D Memoria: 64M 128M [&hellip;]<\/p>\n","protected":false},"featured_media":5779,"template":"","meta":{"ocean_post_layout":"","ocean_both_sidebars_style":"","ocean_both_sidebars_content_width":0,"ocean_both_sidebars_sidebars_width":0,"ocean_sidebar":"","ocean_second_sidebar":"","ocean_disable_margins":"enable","ocean_add_body_class":"","ocean_shortcode_before_top_bar":"","ocean_shortcode_after_top_bar":"","ocean_shortcode_before_header":"","ocean_shortcode_after_header":"","ocean_has_shortcode":"","ocean_shortcode_after_title":"","ocean_shortcode_before_footer_widgets":"","ocean_shortcode_after_footer_widgets":"","ocean_shortcode_before_footer_bottom":"","ocean_shortcode_after_footer_bottom":"","ocean_display_top_bar":"default","ocean_display_header":"default","ocean_header_style":"","ocean_center_header_left_menu":"","ocean_custom_header_template":"","ocean_custom_logo":0,"ocean_custom_retina_logo":0,"ocean_custom_logo_max_width":0,"ocean_custom_logo_tablet_max_width":0,"ocean_custom_logo_mobile_max_width":0,"ocean_custom_logo_max_height":0,"ocean_custom_logo_tablet_max_height":0,"ocean_custom_logo_mobile_max_height":0,"ocean_header_custom_menu":"","ocean_menu_typo_font_family":"","ocean_menu_typo_font_subset":"","ocean_menu_typo_font_size":0,"ocean_menu_typo_font_size_tablet":0,"ocean_menu_typo_font_size_mobile":0,"ocean_menu_typo_font_size_unit":"px","ocean_menu_typo_font_weight":"","ocean_menu_typo_font_weight_tablet":"","ocean_menu_typo_font_weight_mobile":"","ocean_menu_typo_transform":"","ocean_menu_typo_transform_tablet":"","ocean_menu_typo_transform_mobile":"","ocean_menu_typo_line_height":0,"ocean_menu_typo_line_height_tablet":0,"ocean_menu_typo_line_height_mobile":0,"ocean_menu_typo_line_height_unit":"","ocean_menu_typo_spacing":0,"ocean_menu_typo_spacing_tablet":0,"ocean_menu_typo_spacing_mobile":0,"ocean_menu_typo_spacing_unit":"","ocean_menu_link_color":"","ocean_menu_link_color_hover":"","ocean_menu_link_color_active":"","ocean_menu_link_background":"","ocean_menu_link_hover_background":"","ocean_menu_link_active_background":"","ocean_menu_social_links_bg":"","ocean_menu_social_hover_links_bg":"","ocean_menu_social_links_color":"","ocean_menu_social_hover_links_color":"","ocean_disable_title":"default","ocean_disable_heading":"default","ocean_post_title":"","ocean_post_subheading":"","ocean_post_title_style":"","ocean_post_title_background_color":"","ocean_post_title_background":0,"ocean_post_title_bg_image_position":"","ocean_post_title_bg_image_attachment":"","ocean_post_title_bg_image_repeat":"","ocean_post_title_bg_image_size":"","ocean_post_title_height":0,"ocean_post_title_bg_overlay":0.5,"ocean_post_title_bg_overlay_color":"","ocean_disable_breadcrumbs":"default","ocean_breadcrumbs_color":"","ocean_breadcrumbs_separator_color":"","ocean_breadcrumbs_links_color":"","ocean_breadcrumbs_links_hover_color":"","ocean_display_footer_widgets":"default","ocean_display_footer_bottom":"default","ocean_custom_footer_template":""},"product_cat":[21],"product_tag":[],"class_list":{"0":"post-5778","1":"product","2":"type-product","3":"status-publish","4":"has-post-thumbnail","5":"hentry","6":"product_cat-tecnologia","8":"entry","9":"has-media","10":"owp-thumbs-layout-horizontal","11":"owp-btn-normal","12":"owp-tabs-layout-horizontal","13":"has-no-thumbnails","14":"has-product-nav"},"jetpack_sharing_enabled":true,"_links":{"self":[{"href":"https:\/\/tienda.mascotascolombia.org\/index.php\/wp-json\/wp\/v2\/product\/5778","targetHints":{"allow":["GET"]}}],"collection":[{"href":"https:\/\/tienda.mascotascolombia.org\/index.php\/wp-json\/wp\/v2\/product"}],"about":[{"href":"https:\/\/tienda.mascotascolombia.org\/index.php\/wp-json\/wp\/v2\/types\/product"}],"wp:featuredmedia":[{"embeddable":true,"href":"https:\/\/tienda.mascotascolombia.org\/index.php\/wp-json\/wp\/v2\/media\/5779"}],"wp:attachment":[{"href":"https:\/\/tienda.mascotascolombia.org\/index.php\/wp-json\/wp\/v2\/media?parent=5778"}],"wp:term":[{"taxonomy":"product_cat","embeddable":true,"href":"https:\/\/tienda.mascotascolombia.org\/index.php\/wp-json\/wp\/v2\/product_cat?post=5778"},{"taxonomy":"product_tag","embeddable":true,"href":"https:\/\/tienda.mascotascolombia.org\/index.php\/wp-json\/wp\/v2\/product_tag?post=5778"}],"curies":[{"name":"wp","href":"https:\/\/api.w.org\/{rel}","templated":true}]}}