{"id":5140,"date":"2023-09-15T23:58:07","date_gmt":"2023-09-15T21:58:07","guid":{"rendered":"https:\/\/tienda.mascotascolombia.org\/index.php\/producto\/yoga-fitness\/"},"modified":"2023-09-16T00:45:58","modified_gmt":"2023-09-15T22:45:58","slug":"yoga-fitness","status":"publish","type":"product","link":"https:\/\/tienda.mascotascolombia.org\/index.php\/producto\/yoga-fitness\/","title":{"rendered":"YOGA FITNESS"},"content":{"rendered":"<p>YOGA FITNESS<\/p>\n<p>Tenemos para ti el accesorio perfecto para complementar tu rutina De ejercicio, la Liga De Resistencia con Forma De 8.<\/p>\n<p>Es un accesorio deportivo que puedes usar para diferentes actividades, te ayuda a reforzar distintas partes De tu cuerpo como gl\u00fateos, piernas, hombros, brazos, cintura y cadera.<\/p>\n<p>Si\u00e9ntete segura y c\u00f3moda entrenando con ayuda De este producto para obtener resultados espectaculares en tu cuerpo.<\/p>\n<p>M\u00e1xima elasticidad: Esta liga alcanza una longitud De 1.20 m, adem\u00e1s, est\u00e1 fabricada con material De l\u00e1tex De alta resistencia que evita que se rompa o se rasgue mientras la estires.<\/p>\n<p>Material De calidad: Este producto De entrenamiento est\u00e1 fabricado con materiales De calidad, no es t\u00f3xico, no desprende olor, es muy resistente, flexible y duradera.<\/p>\n<p>M\u00faltiples actividades: Puedes utilizar esta liga De resistencia en diferentes actividades y entrenamientos, es ideal para ejercicios De yoga, crossfit, pilates e incluso es apta para usarla en fisioterapia y rehabilitaci\u00f3n.<\/p>\n<p>Entrenamiento en casa: Este producto es ideal para las rutinas De ejercicio que se practican en el hogar, los resultados son igual De positivos a entrenar al aire libre o en un gimnasio.<\/p>\n","protected":false},"excerpt":{"rendered":"<p>YOGA FITNESS Tenemos para ti el accesorio perfecto para complementar tu rutina De ejercicio, la Liga De Resistencia con Forma De 8. Es un accesorio deportivo que puedes usar para diferentes actividades, te ayuda a reforzar distintas partes De tu cuerpo como gl\u00fateos, piernas, hombros, brazos, cintura y cadera. Si\u00e9ntete segura y c\u00f3moda entrenando con [&hellip;]<\/p>\n","protected":false},"featured_media":5141,"template":"","meta":{"ocean_post_layout":"","ocean_both_sidebars_style":"","ocean_both_sidebars_content_width":0,"ocean_both_sidebars_sidebars_width":0,"ocean_sidebar":"","ocean_second_sidebar":"","ocean_disable_margins":"enable","ocean_add_body_class":"","ocean_shortcode_before_top_bar":"","ocean_shortcode_after_top_bar":"","ocean_shortcode_before_header":"","ocean_shortcode_after_header":"","ocean_has_shortcode":"","ocean_shortcode_after_title":"","ocean_shortcode_before_footer_widgets":"","ocean_shortcode_after_footer_widgets":"","ocean_shortcode_before_footer_bottom":"","ocean_shortcode_after_footer_bottom":"","ocean_display_top_bar":"default","ocean_display_header":"default","ocean_header_style":"","ocean_center_header_left_menu":"","ocean_custom_header_template":"","ocean_custom_logo":0,"ocean_custom_retina_logo":0,"ocean_custom_logo_max_width":0,"ocean_custom_logo_tablet_max_width":0,"ocean_custom_logo_mobile_max_width":0,"ocean_custom_logo_max_height":0,"ocean_custom_logo_tablet_max_height":0,"ocean_custom_logo_mobile_max_height":0,"ocean_header_custom_menu":"","ocean_menu_typo_font_family":"","ocean_menu_typo_font_subset":"","ocean_menu_typo_font_size":0,"ocean_menu_typo_font_size_tablet":0,"ocean_menu_typo_font_size_mobile":0,"ocean_menu_typo_font_size_unit":"px","ocean_menu_typo_font_weight":"","ocean_menu_typo_font_weight_tablet":"","ocean_menu_typo_font_weight_mobile":"","ocean_menu_typo_transform":"","ocean_menu_typo_transform_tablet":"","ocean_menu_typo_transform_mobile":"","ocean_menu_typo_line_height":0,"ocean_menu_typo_line_height_tablet":0,"ocean_menu_typo_line_height_mobile":0,"ocean_menu_typo_line_height_unit":"","ocean_menu_typo_spacing":0,"ocean_menu_typo_spacing_tablet":0,"ocean_menu_typo_spacing_mobile":0,"ocean_menu_typo_spacing_unit":"","ocean_menu_link_color":"","ocean_menu_link_color_hover":"","ocean_menu_link_color_active":"","ocean_menu_link_background":"","ocean_menu_link_hover_background":"","ocean_menu_link_active_background":"","ocean_menu_social_links_bg":"","ocean_menu_social_hover_links_bg":"","ocean_menu_social_links_color":"","ocean_menu_social_hover_links_color":"","ocean_disable_title":"default","ocean_disable_heading":"default","ocean_post_title":"","ocean_post_subheading":"","ocean_post_title_style":"","ocean_post_title_background_color":"","ocean_post_title_background":0,"ocean_post_title_bg_image_position":"","ocean_post_title_bg_image_attachment":"","ocean_post_title_bg_image_repeat":"","ocean_post_title_bg_image_size":"","ocean_post_title_height":0,"ocean_post_title_bg_overlay":0.5,"ocean_post_title_bg_overlay_color":"","ocean_disable_breadcrumbs":"default","ocean_breadcrumbs_color":"","ocean_breadcrumbs_separator_color":"","ocean_breadcrumbs_links_color":"","ocean_breadcrumbs_links_hover_color":"","ocean_display_footer_widgets":"default","ocean_display_footer_bottom":"default","ocean_custom_footer_template":""},"product_cat":[20],"product_tag":[],"class_list":{"0":"post-5140","1":"product","2":"type-product","3":"status-publish","4":"has-post-thumbnail","5":"hentry","6":"product_cat-deportes","8":"entry","9":"has-media","10":"owp-thumbs-layout-horizontal","11":"owp-btn-normal","12":"owp-tabs-layout-horizontal","13":"has-no-thumbnails","14":"has-product-nav"},"jetpack_sharing_enabled":true,"_links":{"self":[{"href":"https:\/\/tienda.mascotascolombia.org\/index.php\/wp-json\/wp\/v2\/product\/5140","targetHints":{"allow":["GET"]}}],"collection":[{"href":"https:\/\/tienda.mascotascolombia.org\/index.php\/wp-json\/wp\/v2\/product"}],"about":[{"href":"https:\/\/tienda.mascotascolombia.org\/index.php\/wp-json\/wp\/v2\/types\/product"}],"wp:featuredmedia":[{"embeddable":true,"href":"https:\/\/tienda.mascotascolombia.org\/index.php\/wp-json\/wp\/v2\/media\/5141"}],"wp:attachment":[{"href":"https:\/\/tienda.mascotascolombia.org\/index.php\/wp-json\/wp\/v2\/media?parent=5140"}],"wp:term":[{"taxonomy":"product_cat","embeddable":true,"href":"https:\/\/tienda.mascotascolombia.org\/index.php\/wp-json\/wp\/v2\/product_cat?post=5140"},{"taxonomy":"product_tag","embeddable":true,"href":"https:\/\/tienda.mascotascolombia.org\/index.php\/wp-json\/wp\/v2\/product_tag?post=5140"}],"curies":[{"name":"wp","href":"https:\/\/api.w.org\/{rel}","templated":true}]}}