{"id":4822,"date":"2023-09-15T23:24:28","date_gmt":"2023-09-15T21:24:28","guid":{"rendered":"https:\/\/tienda.mascotascolombia.org\/index.php\/producto\/cepillo-alisador-color-al-azar\/"},"modified":"2023-09-15T23:34:36","modified_gmt":"2023-09-15T21:34:36","slug":"cepillo-alisador-color-al-azar","status":"publish","type":"product","link":"https:\/\/tienda.mascotascolombia.org\/index.php\/producto\/cepillo-alisador-color-al-azar\/","title":{"rendered":"CEPILLO ALISADOR COLOR AL AZAR"},"content":{"rendered":"<p>Cepillo Alisador para cabello&nbsp;<\/p>\n<p>Cepillo de pelo con calefacci\u00f3n de cer\u00e1mica &#8211; Plancha de pelo HQT-909B * El cepillo HQT-909B&nbsp;<\/p>\n<p>es el cepillo alisador calentado de cer\u00e1mica ideal como: Tiene 6 niveles de calor diferentes seg\u00fan el tipo de cabello al que se le llame para alisar. Por su dise\u00f1o ondulado, alisa el cabello sin romper las puntas Tiene una forma elegante y, por lo tanto, se diferencia de otros cepillos similares en el mercado. ~&nbsp;<\/p>\n<p>CARACTERISTICAS \u2022 Material de la losa: Cer\u00e1mica \u2022 Poder: 34W-45W \u2022 Peso: 360g \u2022 Tama\u00f1o del producto: 31 cm x 4,6 cm x 4,5 cm \u2022 Carcasa exterior: pl\u00e1stico \u2022 Temperatura m\u00ednima: 130 grados C \u2022 Temperatura m\u00e1xima: 200 grados C \u2022 Voltaje: 110 V-240 V ~ QUE TE INCLUYE \u2022 Cepillo Alisador Plancha Cer\u00e1mica 6 Niveles 45w Profesional \u2022 Manual<\/p>\n","protected":false},"excerpt":{"rendered":"<p>Cepillo Alisador para cabello&nbsp; Cepillo de pelo con calefacci\u00f3n de cer\u00e1mica &#8211; Plancha de pelo HQT-909B * El cepillo HQT-909B&nbsp; es el cepillo alisador calentado de cer\u00e1mica ideal como: Tiene 6 niveles de calor diferentes seg\u00fan el tipo de cabello al que se le llame para alisar. Por su dise\u00f1o ondulado, alisa el cabello sin [&hellip;]<\/p>\n","protected":false},"featured_media":4823,"template":"","meta":{"ocean_post_layout":"","ocean_both_sidebars_style":"","ocean_both_sidebars_content_width":0,"ocean_both_sidebars_sidebars_width":0,"ocean_sidebar":"","ocean_second_sidebar":"","ocean_disable_margins":"enable","ocean_add_body_class":"","ocean_shortcode_before_top_bar":"","ocean_shortcode_after_top_bar":"","ocean_shortcode_before_header":"","ocean_shortcode_after_header":"","ocean_has_shortcode":"","ocean_shortcode_after_title":"","ocean_shortcode_before_footer_widgets":"","ocean_shortcode_after_footer_widgets":"","ocean_shortcode_before_footer_bottom":"","ocean_shortcode_after_footer_bottom":"","ocean_display_top_bar":"default","ocean_display_header":"default","ocean_header_style":"","ocean_center_header_left_menu":"","ocean_custom_header_template":"","ocean_custom_logo":0,"ocean_custom_retina_logo":0,"ocean_custom_logo_max_width":0,"ocean_custom_logo_tablet_max_width":0,"ocean_custom_logo_mobile_max_width":0,"ocean_custom_logo_max_height":0,"ocean_custom_logo_tablet_max_height":0,"ocean_custom_logo_mobile_max_height":0,"ocean_header_custom_menu":"","ocean_menu_typo_font_family":"","ocean_menu_typo_font_subset":"","ocean_menu_typo_font_size":0,"ocean_menu_typo_font_size_tablet":0,"ocean_menu_typo_font_size_mobile":0,"ocean_menu_typo_font_size_unit":"px","ocean_menu_typo_font_weight":"","ocean_menu_typo_font_weight_tablet":"","ocean_menu_typo_font_weight_mobile":"","ocean_menu_typo_transform":"","ocean_menu_typo_transform_tablet":"","ocean_menu_typo_transform_mobile":"","ocean_menu_typo_line_height":0,"ocean_menu_typo_line_height_tablet":0,"ocean_menu_typo_line_height_mobile":0,"ocean_menu_typo_line_height_unit":"","ocean_menu_typo_spacing":0,"ocean_menu_typo_spacing_tablet":0,"ocean_menu_typo_spacing_mobile":0,"ocean_menu_typo_spacing_unit":"","ocean_menu_link_color":"","ocean_menu_link_color_hover":"","ocean_menu_link_color_active":"","ocean_menu_link_background":"","ocean_menu_link_hover_background":"","ocean_menu_link_active_background":"","ocean_menu_social_links_bg":"","ocean_menu_social_hover_links_bg":"","ocean_menu_social_links_color":"","ocean_menu_social_hover_links_color":"","ocean_disable_title":"default","ocean_disable_heading":"default","ocean_post_title":"","ocean_post_subheading":"","ocean_post_title_style":"","ocean_post_title_background_color":"","ocean_post_title_background":0,"ocean_post_title_bg_image_position":"","ocean_post_title_bg_image_attachment":"","ocean_post_title_bg_image_repeat":"","ocean_post_title_bg_image_size":"","ocean_post_title_height":0,"ocean_post_title_bg_overlay":0.5,"ocean_post_title_bg_overlay_color":"","ocean_disable_breadcrumbs":"default","ocean_breadcrumbs_color":"","ocean_breadcrumbs_separator_color":"","ocean_breadcrumbs_links_color":"","ocean_breadcrumbs_links_hover_color":"","ocean_display_footer_widgets":"default","ocean_display_footer_bottom":"default","ocean_custom_footer_template":""},"product_cat":[23],"product_tag":[],"class_list":{"0":"post-4822","1":"product","2":"type-product","3":"status-publish","4":"has-post-thumbnail","5":"hentry","6":"product_cat-belleza","8":"entry","9":"has-media","10":"owp-thumbs-layout-horizontal","11":"owp-btn-normal","12":"owp-tabs-layout-horizontal","13":"has-no-thumbnails","14":"has-product-nav"},"jetpack_sharing_enabled":true,"_links":{"self":[{"href":"https:\/\/tienda.mascotascolombia.org\/index.php\/wp-json\/wp\/v2\/product\/4822","targetHints":{"allow":["GET"]}}],"collection":[{"href":"https:\/\/tienda.mascotascolombia.org\/index.php\/wp-json\/wp\/v2\/product"}],"about":[{"href":"https:\/\/tienda.mascotascolombia.org\/index.php\/wp-json\/wp\/v2\/types\/product"}],"wp:featuredmedia":[{"embeddable":true,"href":"https:\/\/tienda.mascotascolombia.org\/index.php\/wp-json\/wp\/v2\/media\/4823"}],"wp:attachment":[{"href":"https:\/\/tienda.mascotascolombia.org\/index.php\/wp-json\/wp\/v2\/media?parent=4822"}],"wp:term":[{"taxonomy":"product_cat","embeddable":true,"href":"https:\/\/tienda.mascotascolombia.org\/index.php\/wp-json\/wp\/v2\/product_cat?post=4822"},{"taxonomy":"product_tag","embeddable":true,"href":"https:\/\/tienda.mascotascolombia.org\/index.php\/wp-json\/wp\/v2\/product_tag?post=4822"}],"curies":[{"name":"wp","href":"https:\/\/api.w.org\/{rel}","templated":true}]}}