{"id":4624,"date":"2023-09-15T22:59:06","date_gmt":"2023-09-15T20:59:06","guid":{"rendered":"https:\/\/tienda.mascotascolombia.org\/index.php\/producto\/combo-de-arroz-x5-producto-caja\/"},"modified":"2023-09-15T23:01:02","modified_gmt":"2023-09-15T21:01:02","slug":"combo-de-arroz-x5-producto-caja","status":"publish","type":"product","link":"https:\/\/tienda.mascotascolombia.org\/index.php\/producto\/combo-de-arroz-x5-producto-caja\/","title":{"rendered":"COMBO DE ARROZ X5 PRODUCTO+ CAJA"},"content":{"rendered":"<p>El arroz ha sido utilizado en la cultura asi\u00e1tica como uno de los principales secretos de belleza, gracias a sus propiedades aclarantes y reparadoras.<\/p>\n<p>Enriquecido con&nbsp;almid\u00f3n y vitaminas E y B,&nbsp;provee un efecto antioxidante que ayuda a prevenir el envejecimiento prematuro de la piel.<\/p>\n<p>Perfecto aliado para prevenir y disimular las l\u00edneas de expresi\u00f3n, atenuar las manchas del rostro, evitar irritaciones&nbsp;en la piel,&nbsp;e incluso puede ayudar a combatir el acn\u00e9.<\/p>\n<p><strong>PASO 1: JAB\u00d3N FACIAL<\/strong><br \/>&nbsp;<\/p>\n<ul>\n<li>Espuma suave y limpiadora.<\/li>\n<li>Refresca la piel y la hidrata.<\/li>\n<li>Ayuda a aclarar y dar m\u00e1s brillo a la piel.<\/li>\n<li>Remueve la piel muerta.<\/li>\n<\/ul>\n<p><strong>PASO 2: MASCARILLA DE VELO<\/strong><\/p>\n<ul>\n<li>Ideal para todo tipo de piel<\/li>\n<li>Aporta luminosidad<\/li>\n<li>Aclara<\/li>\n<li>Suaviza la piel<\/li>\n<\/ul>\n<p><strong>PASO 3: SUERO DE ARROZ<\/strong><\/p>\n<ul>\n<li>Serum facial para minimizar los poros, hecho con extracto de germen de arroz.<\/li>\n<li>Deja la piel supersuave y uniforme.<\/li>\n<li>Elimina la aspereza de la piel.<\/li>\n<li>Deja que la piel absorba la humedad y la nutrici\u00f3n, acondiciona la piel, mantiene la piel con balance de humedad, mejora la aspereza de la piel causada por la falta de sequedad de humedad, mejora la piel aportando hidrataci\u00f3n, restaura la elasticidad de la piel.<\/li>\n<\/ul>\n<p><strong>PASO 4: CREMA HIDRATANTE<\/strong><\/p>\n<ul>\n<li>Repone la humedad de la piel<\/li>\n<li>Hidrata y repara intensamente<\/li>\n<li>Unifica y aclara el tono de la piel<br \/>&nbsp;<\/li>\n<\/ul>\n","protected":false},"excerpt":{"rendered":"<p>El arroz ha sido utilizado en la cultura asi\u00e1tica como uno de los principales secretos de belleza, gracias a sus propiedades aclarantes y reparadoras. Enriquecido con&nbsp;almid\u00f3n y vitaminas E y B,&nbsp;provee un efecto antioxidante que ayuda a prevenir el envejecimiento prematuro de la piel. Perfecto aliado para prevenir y disimular las l\u00edneas de expresi\u00f3n, atenuar [&hellip;]<\/p>\n","protected":false},"featured_media":4625,"template":"","meta":{"ocean_post_layout":"","ocean_both_sidebars_style":"","ocean_both_sidebars_content_width":0,"ocean_both_sidebars_sidebars_width":0,"ocean_sidebar":"","ocean_second_sidebar":"","ocean_disable_margins":"enable","ocean_add_body_class":"","ocean_shortcode_before_top_bar":"","ocean_shortcode_after_top_bar":"","ocean_shortcode_before_header":"","ocean_shortcode_after_header":"","ocean_has_shortcode":"","ocean_shortcode_after_title":"","ocean_shortcode_before_footer_widgets":"","ocean_shortcode_after_footer_widgets":"","ocean_shortcode_before_footer_bottom":"","ocean_shortcode_after_footer_bottom":"","ocean_display_top_bar":"default","ocean_display_header":"default","ocean_header_style":"","ocean_center_header_left_menu":"","ocean_custom_header_template":"","ocean_custom_logo":0,"ocean_custom_retina_logo":0,"ocean_custom_logo_max_width":0,"ocean_custom_logo_tablet_max_width":0,"ocean_custom_logo_mobile_max_width":0,"ocean_custom_logo_max_height":0,"ocean_custom_logo_tablet_max_height":0,"ocean_custom_logo_mobile_max_height":0,"ocean_header_custom_menu":"","ocean_menu_typo_font_family":"","ocean_menu_typo_font_subset":"","ocean_menu_typo_font_size":0,"ocean_menu_typo_font_size_tablet":0,"ocean_menu_typo_font_size_mobile":0,"ocean_menu_typo_font_size_unit":"px","ocean_menu_typo_font_weight":"","ocean_menu_typo_font_weight_tablet":"","ocean_menu_typo_font_weight_mobile":"","ocean_menu_typo_transform":"","ocean_menu_typo_transform_tablet":"","ocean_menu_typo_transform_mobile":"","ocean_menu_typo_line_height":0,"ocean_menu_typo_line_height_tablet":0,"ocean_menu_typo_line_height_mobile":0,"ocean_menu_typo_line_height_unit":"","ocean_menu_typo_spacing":0,"ocean_menu_typo_spacing_tablet":0,"ocean_menu_typo_spacing_mobile":0,"ocean_menu_typo_spacing_unit":"","ocean_menu_link_color":"","ocean_menu_link_color_hover":"","ocean_menu_link_color_active":"","ocean_menu_link_background":"","ocean_menu_link_hover_background":"","ocean_menu_link_active_background":"","ocean_menu_social_links_bg":"","ocean_menu_social_hover_links_bg":"","ocean_menu_social_links_color":"","ocean_menu_social_hover_links_color":"","ocean_disable_title":"default","ocean_disable_heading":"default","ocean_post_title":"","ocean_post_subheading":"","ocean_post_title_style":"","ocean_post_title_background_color":"","ocean_post_title_background":0,"ocean_post_title_bg_image_position":"","ocean_post_title_bg_image_attachment":"","ocean_post_title_bg_image_repeat":"","ocean_post_title_bg_image_size":"","ocean_post_title_height":0,"ocean_post_title_bg_overlay":0.5,"ocean_post_title_bg_overlay_color":"","ocean_disable_breadcrumbs":"default","ocean_breadcrumbs_color":"","ocean_breadcrumbs_separator_color":"","ocean_breadcrumbs_links_color":"","ocean_breadcrumbs_links_hover_color":"","ocean_display_footer_widgets":"default","ocean_display_footer_bottom":"default","ocean_custom_footer_template":""},"product_cat":[23],"product_tag":[],"class_list":{"0":"post-4624","1":"product","2":"type-product","3":"status-publish","4":"has-post-thumbnail","5":"hentry","6":"product_cat-belleza","8":"entry","9":"has-media","10":"owp-thumbs-layout-horizontal","11":"owp-btn-normal","12":"owp-tabs-layout-horizontal","13":"has-no-thumbnails","14":"has-product-nav"},"jetpack_sharing_enabled":true,"_links":{"self":[{"href":"https:\/\/tienda.mascotascolombia.org\/index.php\/wp-json\/wp\/v2\/product\/4624","targetHints":{"allow":["GET"]}}],"collection":[{"href":"https:\/\/tienda.mascotascolombia.org\/index.php\/wp-json\/wp\/v2\/product"}],"about":[{"href":"https:\/\/tienda.mascotascolombia.org\/index.php\/wp-json\/wp\/v2\/types\/product"}],"wp:featuredmedia":[{"embeddable":true,"href":"https:\/\/tienda.mascotascolombia.org\/index.php\/wp-json\/wp\/v2\/media\/4625"}],"wp:attachment":[{"href":"https:\/\/tienda.mascotascolombia.org\/index.php\/wp-json\/wp\/v2\/media?parent=4624"}],"wp:term":[{"taxonomy":"product_cat","embeddable":true,"href":"https:\/\/tienda.mascotascolombia.org\/index.php\/wp-json\/wp\/v2\/product_cat?post=4624"},{"taxonomy":"product_tag","embeddable":true,"href":"https:\/\/tienda.mascotascolombia.org\/index.php\/wp-json\/wp\/v2\/product_tag?post=4624"}],"curies":[{"name":"wp","href":"https:\/\/api.w.org\/{rel}","templated":true}]}}