{"id":4577,"date":"2023-09-15T22:56:07","date_gmt":"2023-09-15T20:56:07","guid":{"rendered":"https:\/\/tienda.mascotascolombia.org\/index.php\/producto\/masajeador-corporal-anticelulitis\/"},"modified":"2023-09-15T23:01:03","modified_gmt":"2023-09-15T21:01:03","slug":"masajeador-corporal-anticelulitis","status":"publish","type":"product","link":"https:\/\/tienda.mascotascolombia.org\/index.php\/producto\/masajeador-corporal-anticelulitis\/","title":{"rendered":"Masajeador Corporal AntiCelulitis"},"content":{"rendered":"<p>Levanta Cola, tratamiento de celulitis y tonificaci\u00f3n muscular Consiga la piel firme y tonificada que ha so\u00f1ado! El incre\u00edble masajeador body innovation puede ser usado en piernas, brazos, abdomen y gl\u00fateos. Con solo algunos minutos al d\u00eda podr\u00e1 conseguir la piel y la figura so\u00f1ada. El infrarrojo no da\u00f1ar\u00e1 ni irritar\u00e1 su piel, su misi\u00f3n es; ayudar a quema de grasa localizada para reducir medidas r\u00e1pidamente y sin mucho esfuerzo a la vez que, tonifica sus m\u00fasculos. Tambi\u00e9n puede utilizarlo para masajear su cuello y espalda y as\u00ed eliminar la fatiga y el cansancio de un largo d\u00eda. Usando el masajeador body innovation puede, aumentar el riego sangu\u00edneo, mejorando el flujo de la linfa y la circulaci\u00f3n de la sangre, favoreciendo as\u00ed la elasticidad de los tejidos de la piel. Con el efecto potenciado por la acci\u00f3n del calor del infrarrojo, moviliza la grasa de manera eficaz, adem\u00e1s de alisar las protuberancias de la piel de naranja, logrando ganar el combate contra la celulitis. Si adquiere este novedoso producto podr\u00e1, modelar su figura y eliminar\u00e1 las grasas y toxinas en \u00e1reas localizadas, sin mucho esfuerzo y sin gastar una fortuna en miles de productos y tratamientos est\u00e9tic<\/p>\n","protected":false},"excerpt":{"rendered":"<p>Levanta Cola, tratamiento de celulitis y tonificaci\u00f3n muscular Consiga la piel firme y tonificada que ha so\u00f1ado! El incre\u00edble masajeador body innovation puede ser usado en piernas, brazos, abdomen y gl\u00fateos. Con solo algunos minutos al d\u00eda podr\u00e1 conseguir la piel y la figura so\u00f1ada. El infrarrojo no da\u00f1ar\u00e1 ni irritar\u00e1 su piel, su misi\u00f3n [&hellip;]<\/p>\n","protected":false},"featured_media":4578,"template":"","meta":{"ocean_post_layout":"","ocean_both_sidebars_style":"","ocean_both_sidebars_content_width":0,"ocean_both_sidebars_sidebars_width":0,"ocean_sidebar":"","ocean_second_sidebar":"","ocean_disable_margins":"enable","ocean_add_body_class":"","ocean_shortcode_before_top_bar":"","ocean_shortcode_after_top_bar":"","ocean_shortcode_before_header":"","ocean_shortcode_after_header":"","ocean_has_shortcode":"","ocean_shortcode_after_title":"","ocean_shortcode_before_footer_widgets":"","ocean_shortcode_after_footer_widgets":"","ocean_shortcode_before_footer_bottom":"","ocean_shortcode_after_footer_bottom":"","ocean_display_top_bar":"default","ocean_display_header":"default","ocean_header_style":"","ocean_center_header_left_menu":"","ocean_custom_header_template":"","ocean_custom_logo":0,"ocean_custom_retina_logo":0,"ocean_custom_logo_max_width":0,"ocean_custom_logo_tablet_max_width":0,"ocean_custom_logo_mobile_max_width":0,"ocean_custom_logo_max_height":0,"ocean_custom_logo_tablet_max_height":0,"ocean_custom_logo_mobile_max_height":0,"ocean_header_custom_menu":"","ocean_menu_typo_font_family":"","ocean_menu_typo_font_subset":"","ocean_menu_typo_font_size":0,"ocean_menu_typo_font_size_tablet":0,"ocean_menu_typo_font_size_mobile":0,"ocean_menu_typo_font_size_unit":"px","ocean_menu_typo_font_weight":"","ocean_menu_typo_font_weight_tablet":"","ocean_menu_typo_font_weight_mobile":"","ocean_menu_typo_transform":"","ocean_menu_typo_transform_tablet":"","ocean_menu_typo_transform_mobile":"","ocean_menu_typo_line_height":0,"ocean_menu_typo_line_height_tablet":0,"ocean_menu_typo_line_height_mobile":0,"ocean_menu_typo_line_height_unit":"","ocean_menu_typo_spacing":0,"ocean_menu_typo_spacing_tablet":0,"ocean_menu_typo_spacing_mobile":0,"ocean_menu_typo_spacing_unit":"","ocean_menu_link_color":"","ocean_menu_link_color_hover":"","ocean_menu_link_color_active":"","ocean_menu_link_background":"","ocean_menu_link_hover_background":"","ocean_menu_link_active_background":"","ocean_menu_social_links_bg":"","ocean_menu_social_hover_links_bg":"","ocean_menu_social_links_color":"","ocean_menu_social_hover_links_color":"","ocean_disable_title":"default","ocean_disable_heading":"default","ocean_post_title":"","ocean_post_subheading":"","ocean_post_title_style":"","ocean_post_title_background_color":"","ocean_post_title_background":0,"ocean_post_title_bg_image_position":"","ocean_post_title_bg_image_attachment":"","ocean_post_title_bg_image_repeat":"","ocean_post_title_bg_image_size":"","ocean_post_title_height":0,"ocean_post_title_bg_overlay":0.5,"ocean_post_title_bg_overlay_color":"","ocean_disable_breadcrumbs":"default","ocean_breadcrumbs_color":"","ocean_breadcrumbs_separator_color":"","ocean_breadcrumbs_links_color":"","ocean_breadcrumbs_links_hover_color":"","ocean_display_footer_widgets":"default","ocean_display_footer_bottom":"default","ocean_custom_footer_template":""},"product_cat":[23],"product_tag":[],"class_list":{"0":"post-4577","1":"product","2":"type-product","3":"status-publish","4":"has-post-thumbnail","5":"hentry","6":"product_cat-belleza","8":"entry","9":"has-media","10":"owp-thumbs-layout-horizontal","11":"owp-btn-normal","12":"owp-tabs-layout-horizontal","13":"has-no-thumbnails","14":"has-product-nav"},"jetpack_sharing_enabled":true,"_links":{"self":[{"href":"https:\/\/tienda.mascotascolombia.org\/index.php\/wp-json\/wp\/v2\/product\/4577","targetHints":{"allow":["GET"]}}],"collection":[{"href":"https:\/\/tienda.mascotascolombia.org\/index.php\/wp-json\/wp\/v2\/product"}],"about":[{"href":"https:\/\/tienda.mascotascolombia.org\/index.php\/wp-json\/wp\/v2\/types\/product"}],"wp:featuredmedia":[{"embeddable":true,"href":"https:\/\/tienda.mascotascolombia.org\/index.php\/wp-json\/wp\/v2\/media\/4578"}],"wp:attachment":[{"href":"https:\/\/tienda.mascotascolombia.org\/index.php\/wp-json\/wp\/v2\/media?parent=4577"}],"wp:term":[{"taxonomy":"product_cat","embeddable":true,"href":"https:\/\/tienda.mascotascolombia.org\/index.php\/wp-json\/wp\/v2\/product_cat?post=4577"},{"taxonomy":"product_tag","embeddable":true,"href":"https:\/\/tienda.mascotascolombia.org\/index.php\/wp-json\/wp\/v2\/product_tag?post=4577"}],"curies":[{"name":"wp","href":"https:\/\/api.w.org\/{rel}","templated":true}]}}